{"id":904,"date":"2023-03-19T12:57:11","date_gmt":"2023-03-19T12:57:11","guid":{"rendered":"https:\/\/solutionsteps.fi\/?page_id=904"},"modified":"2023-03-26T16:30:33","modified_gmt":"2023-03-26T16:30:33","slug":"ratkes-valmennus","status":"publish","type":"page","link":"https:\/\/solutionsteps.fi\/index.php\/ratkes-valmennus\/","title":{"rendered":"RaTkes- ja Nepsy-valmennus"},"content":{"rendered":"\n<p><\/p>\n\n\n\n<figure class=\"wp-block-image size-full is-resized\"><img loading=\"lazy\" decoding=\"async\" src=\"https:\/\/solutionsteps.fi\/wp-content\/uploads\/2023\/03\/problem-4129493_640.jpg\" alt=\"\" class=\"wp-image-897\" width=\"226\" height=\"170\" srcset=\"https:\/\/solutionsteps.fi\/wp-content\/uploads\/2023\/03\/problem-4129493_640.jpg 640w, https:\/\/solutionsteps.fi\/wp-content\/uploads\/2023\/03\/problem-4129493_640-300x225.jpg 300w\" sizes=\"auto, (max-width: 226px) 100vw, 226px\" \/><\/figure>\n\n\n\n<p><em>\u201dValmennus toimii ik\u00e4\u00e4nkuin tienviittana kohti suunnittelemiasi tavoitteita ja p\u00e4\u00e4m\u00e4\u00e4ri\u00e4\u201d<\/em><\/p>\n\n\n\n<p class=\"has-light-gray-background-color has-background has-small-font-size\">Ratkaisukeskeinen valmennus soveltuu kaikenik\u00e4isille ja kaikille, jotka haluavat pohtia <br>arvojaan, vahvistaa&nbsp;hyvinvointiaan tai kaipaavat muutosta el\u00e4m\u00e4\u00e4ns\u00e4. <\/p>\n\n\n\n<p class=\"has-light-gray-background-color has-background has-small-font-size\"> Etenkin lasten nuorten kohdalla valmennus kohdistuu ennaltaehk\u00e4isev\u00e4\u00e4n toimintaan, <br>kuten koulunk\u00e4yntiin, yst\u00e4vyyssuhteisiin tai el\u00e4m\u00e4nhallinnan asioihin.<br> Menetelmin\u00e4 k\u00e4yt\u00e4n pienemmille ratkaisukeskeist\u00e4 Muksuoppia ja nuorille valmentavaa ja voimaannuttavaa keskustelua, maalaamista ja mielikuva- sek\u00e4 suggestioharjoitteita.<\/p>\n\n\n\n<p class=\"has-light-gray-background-color has-background has-small-font-size\">Ratkaisukeskeisen valmennuksen tapaamiset ovat luottamuksellisia ja yksil\u00f6llisesti rakentuvia. Valmennuksessa keskityt\u00e4\u00e4n voimavaroihin ja tulevaisuuteen.<\/p>\n\n\n\n<p><strong>Ratkaisukeskeinen Nepsy- Valmennus<\/strong><\/p>\n\n\n\n<p class=\"has-light-gray-background-color has-background has-small-font-size\">Neuropsykiatrisessa valmennuksessa pyrit\u00e4\u00e4n vahvistamaan arjen sujuvuutta tilanteissa, joissa neuropsykiatriset oireet ja toiminnanohjauksen vaikeudet aiheuttavat haittaa toimintakyvylle. Neuropsykiatrisessa valmennuksessa tavoitteet ja aikataulu sovitaan yhdess\u00e4 asiakkaan kanssa ja menetelm\u00e4t valitaan yksil\u00f6llisesti tavoitteen ja tarpeiden mukaisesti. <br>Tavoitteet liittyv\u00e4t jokap\u00e4iv\u00e4isen el\u00e4m\u00e4n vaikeuksiin, kuten arjenhallinta, opiskelu ja ihmissuhteet.<br> ADHD-valmennus on motivaatiokeskeist\u00e4, tavoitesuuntautunutta ja siin\u00e4 kannustetaan uusien toimintatapojen l\u00f6yt\u00e4miseen. <br>Sovellan valmennuksessa kognitiivis-behavioraalista, ratkaisukeskeist\u00e4 terapiaa, sek\u00e4 erityispedagogisia k\u00e4ytt\u00e4ytymisohjauksen menetelmi\u00e4, kuten tavoitteiden asettaminen, ajanhallinta, p\u00e4iv\u00e4struktuurin l\u00f6yt\u00e4minen, rentoutuminen, tavoite-palkkiomenetelm\u00e4t ja omien voimavarojen hy\u00f6dynt\u00e4minen. Toimintakyky\u00e4 tukevien taitojen opettaminen CBT-pohjalta parantaa tarkkaavuutta, toiminnanohjaustaitoja ja kouluteht\u00e4vien tekemist\u00e4, sek\u00e4 v\u00e4hent\u00e4\u00e4 stressi\u00e4.<\/p>\n\n\n\n<p class=\"has-light-gray-background-color has-background\"><strong> RatKes\/Nepsy- valmennuksen hinnat:<\/strong><br>45 min\u00a0 \u00a0 \u00a0 \u00a0 \u00a0 \u00a0 \u00a060 e<br>60 min\u00a0 \u00a0 \u00a0 \u00a0 \u00a0 \u00a0 \u00a080 e<br><br><strong>Viiden kerran valmennuksen hinta:<\/strong><br>5 x 45 min\u00a0\u00a0\u00a0\u00a0 300 e<br>5 x 60 min\u00a0\u00a0\u00a0\u00a0 400 e<\/p>\n\n\n\n<figure class=\"wp-block-image size-full is-resized\"><img loading=\"lazy\" decoding=\"async\" src=\"https:\/\/solutionsteps.fi\/wp-content\/uploads\/2021\/07\/cropped-change-4056014_640.jpg\" alt=\"\" class=\"wp-image-785\" width=\"463\" height=\"222\" srcset=\"https:\/\/solutionsteps.fi\/wp-content\/uploads\/2021\/07\/cropped-change-4056014_640.jpg 640w, https:\/\/solutionsteps.fi\/wp-content\/uploads\/2021\/07\/cropped-change-4056014_640-300x144.jpg 300w\" sizes=\"auto, (max-width: 463px) 100vw, 463px\" \/><\/figure>\n","protected":false},"excerpt":{"rendered":"<p>\u201dValmennus toimii ik\u00e4\u00e4nkuin tienviittana kohti suunnittelemiasi tavoitteita ja p\u00e4\u00e4m\u00e4\u00e4ri\u00e4\u201d Ratkaisukeskeinen valmennus soveltuu kaikenik\u00e4isille ja kaikille, jotka haluavat pohtia arvojaan, vahvistaa&nbsp;hyvinvointiaan tai kaipaavat muutosta el\u00e4m\u00e4\u00e4ns\u00e4. Etenkin lasten nuorten kohdalla valmennus kohdistuu ennaltaehk\u00e4isev\u00e4\u00e4n toimintaan, kuten koulunk\u00e4yntiin, yst\u00e4vyyssuhteisiin tai el\u00e4m\u00e4nhallinnan asioihin. Menetelmin\u00e4 k\u00e4yt\u00e4n pienemmille ratkaisukeskeist\u00e4 Muksuoppia ja nuorille valmentavaa ja voimaannuttavaa keskustelua, maalaamista ja mielikuva- sek\u00e4 suggestioharjoitteita. Ratkaisukeskeisen &hellip; <a href=\"https:\/\/solutionsteps.fi\/index.php\/ratkes-valmennus\/\" class=\"more-link\">Jatka artikkeliin <span class=\"screen-reader-text\">RaTkes- ja Nepsy-valmennus<\/span><\/a><\/p>\n","protected":false},"author":1,"featured_media":0,"parent":0,"menu_order":0,"comment_status":"closed","ping_status":"closed","template":"","meta":{"footnotes":""},"class_list":["post-904","page","type-page","status-publish","hentry"],"yoast_head":"<!-- This site is optimized with the Yoast SEO plugin v27.4 - https:\/\/yoast.com\/product\/yoast-seo-wordpress\/ -->\n<title>RaTkes- ja Nepsy-valmennus - Solution Steps<\/title>\n<meta name=\"robots\" content=\"index, follow, max-snippet:-1, max-image-preview:large, max-video-preview:-1\" \/>\n<link rel=\"canonical\" href=\"https:\/\/solutionsteps.fi\/index.php\/ratkes-valmennus\/\" \/>\n<meta property=\"og:locale\" content=\"fi_FI\" \/>\n<meta property=\"og:type\" content=\"article\" \/>\n<meta property=\"og:title\" content=\"RaTkes- ja Nepsy-valmennus - Solution Steps\" \/>\n<meta property=\"og:description\" content=\"\u201dValmennus toimii ik\u00e4\u00e4nkuin tienviittana kohti suunnittelemiasi tavoitteita ja p\u00e4\u00e4m\u00e4\u00e4ri\u00e4\u201d Ratkaisukeskeinen valmennus soveltuu kaikenik\u00e4isille ja kaikille, jotka haluavat pohtia arvojaan, vahvistaa&nbsp;hyvinvointiaan tai kaipaavat muutosta el\u00e4m\u00e4\u00e4ns\u00e4. Etenkin lasten nuorten kohdalla valmennus kohdistuu ennaltaehk\u00e4isev\u00e4\u00e4n toimintaan, kuten koulunk\u00e4yntiin, yst\u00e4vyyssuhteisiin tai el\u00e4m\u00e4nhallinnan asioihin. Menetelmin\u00e4 k\u00e4yt\u00e4n pienemmille ratkaisukeskeist\u00e4 Muksuoppia ja nuorille valmentavaa ja voimaannuttavaa keskustelua, maalaamista ja mielikuva- sek\u00e4 suggestioharjoitteita. Ratkaisukeskeisen &hellip; Jatka artikkeliin RaTkes- ja Nepsy-valmennus\" \/>\n<meta property=\"og:url\" content=\"https:\/\/solutionsteps.fi\/index.php\/ratkes-valmennus\/\" \/>\n<meta property=\"og:site_name\" content=\"Solution Steps\" \/>\n<meta property=\"article:modified_time\" content=\"2023-03-26T16:30:33+00:00\" \/>\n<meta property=\"og:image\" content=\"https:\/\/solutionsteps.fi\/wp-content\/uploads\/2023\/03\/problem-4129493_640.jpg\" \/>\n<meta name=\"twitter:card\" content=\"summary_large_image\" \/>\n<meta name=\"twitter:label1\" content=\"Arvioitu lukuaika\" \/>\n\t<meta name=\"twitter:data1\" content=\"2 minuuttia\" \/>\n<script type=\"application\/ld+json\" class=\"yoast-schema-graph\">{\"@context\":\"https:\\\/\\\/schema.org\",\"@graph\":[{\"@type\":\"WebPage\",\"@id\":\"https:\\\/\\\/solutionsteps.fi\\\/index.php\\\/ratkes-valmennus\\\/\",\"url\":\"https:\\\/\\\/solutionsteps.fi\\\/index.php\\\/ratkes-valmennus\\\/\",\"name\":\"RaTkes- ja Nepsy-valmennus - Solution Steps\",\"isPartOf\":{\"@id\":\"https:\\\/\\\/solutionsteps.fi\\\/#website\"},\"primaryImageOfPage\":{\"@id\":\"https:\\\/\\\/solutionsteps.fi\\\/index.php\\\/ratkes-valmennus\\\/#primaryimage\"},\"image\":{\"@id\":\"https:\\\/\\\/solutionsteps.fi\\\/index.php\\\/ratkes-valmennus\\\/#primaryimage\"},\"thumbnailUrl\":\"https:\\\/\\\/solutionsteps.fi\\\/wp-content\\\/uploads\\\/2023\\\/03\\\/problem-4129493_640.jpg\",\"datePublished\":\"2023-03-19T12:57:11+00:00\",\"dateModified\":\"2023-03-26T16:30:33+00:00\",\"breadcrumb\":{\"@id\":\"https:\\\/\\\/solutionsteps.fi\\\/index.php\\\/ratkes-valmennus\\\/#breadcrumb\"},\"inLanguage\":\"fi\",\"potentialAction\":[{\"@type\":\"ReadAction\",\"target\":[\"https:\\\/\\\/solutionsteps.fi\\\/index.php\\\/ratkes-valmennus\\\/\"]}]},{\"@type\":\"ImageObject\",\"inLanguage\":\"fi\",\"@id\":\"https:\\\/\\\/solutionsteps.fi\\\/index.php\\\/ratkes-valmennus\\\/#primaryimage\",\"url\":\"https:\\\/\\\/solutionsteps.fi\\\/wp-content\\\/uploads\\\/2023\\\/03\\\/problem-4129493_640.jpg\",\"contentUrl\":\"https:\\\/\\\/solutionsteps.fi\\\/wp-content\\\/uploads\\\/2023\\\/03\\\/problem-4129493_640.jpg\",\"width\":640,\"height\":480},{\"@type\":\"BreadcrumbList\",\"@id\":\"https:\\\/\\\/solutionsteps.fi\\\/index.php\\\/ratkes-valmennus\\\/#breadcrumb\",\"itemListElement\":[{\"@type\":\"ListItem\",\"position\":1,\"name\":\"Etusivu\",\"item\":\"https:\\\/\\\/solutionsteps.fi\\\/\"},{\"@type\":\"ListItem\",\"position\":2,\"name\":\"RaTkes- ja Nepsy-valmennus\"}]},{\"@type\":\"WebSite\",\"@id\":\"https:\\\/\\\/solutionsteps.fi\\\/#website\",\"url\":\"https:\\\/\\\/solutionsteps.fi\\\/\",\"name\":\"Solution Steps\",\"description\":\"Terapia ja hyvinvointipalvelut\",\"potentialAction\":[{\"@type\":\"SearchAction\",\"target\":{\"@type\":\"EntryPoint\",\"urlTemplate\":\"https:\\\/\\\/solutionsteps.fi\\\/?s={search_term_string}\"},\"query-input\":{\"@type\":\"PropertyValueSpecification\",\"valueRequired\":true,\"valueName\":\"search_term_string\"}}],\"inLanguage\":\"fi\"}]}<\/script>\n<!-- \/ Yoast SEO plugin. -->","yoast_head_json":{"title":"RaTkes- ja Nepsy-valmennus - Solution Steps","robots":{"index":"index","follow":"follow","max-snippet":"max-snippet:-1","max-image-preview":"max-image-preview:large","max-video-preview":"max-video-preview:-1"},"canonical":"https:\/\/solutionsteps.fi\/index.php\/ratkes-valmennus\/","og_locale":"fi_FI","og_type":"article","og_title":"RaTkes- ja Nepsy-valmennus - Solution Steps","og_description":"\u201dValmennus toimii ik\u00e4\u00e4nkuin tienviittana kohti suunnittelemiasi tavoitteita ja p\u00e4\u00e4m\u00e4\u00e4ri\u00e4\u201d Ratkaisukeskeinen valmennus soveltuu kaikenik\u00e4isille ja kaikille, jotka haluavat pohtia arvojaan, vahvistaa&nbsp;hyvinvointiaan tai kaipaavat muutosta el\u00e4m\u00e4\u00e4ns\u00e4. Etenkin lasten nuorten kohdalla valmennus kohdistuu ennaltaehk\u00e4isev\u00e4\u00e4n toimintaan, kuten koulunk\u00e4yntiin, yst\u00e4vyyssuhteisiin tai el\u00e4m\u00e4nhallinnan asioihin. Menetelmin\u00e4 k\u00e4yt\u00e4n pienemmille ratkaisukeskeist\u00e4 Muksuoppia ja nuorille valmentavaa ja voimaannuttavaa keskustelua, maalaamista ja mielikuva- sek\u00e4 suggestioharjoitteita. Ratkaisukeskeisen &hellip; Jatka artikkeliin RaTkes- ja Nepsy-valmennus","og_url":"https:\/\/solutionsteps.fi\/index.php\/ratkes-valmennus\/","og_site_name":"Solution Steps","article_modified_time":"2023-03-26T16:30:33+00:00","og_image":[{"url":"https:\/\/solutionsteps.fi\/wp-content\/uploads\/2023\/03\/problem-4129493_640.jpg","type":"","width":"","height":""}],"twitter_card":"summary_large_image","twitter_misc":{"Arvioitu lukuaika":"2 minuuttia"},"schema":{"@context":"https:\/\/schema.org","@graph":[{"@type":"WebPage","@id":"https:\/\/solutionsteps.fi\/index.php\/ratkes-valmennus\/","url":"https:\/\/solutionsteps.fi\/index.php\/ratkes-valmennus\/","name":"RaTkes- ja Nepsy-valmennus - Solution Steps","isPartOf":{"@id":"https:\/\/solutionsteps.fi\/#website"},"primaryImageOfPage":{"@id":"https:\/\/solutionsteps.fi\/index.php\/ratkes-valmennus\/#primaryimage"},"image":{"@id":"https:\/\/solutionsteps.fi\/index.php\/ratkes-valmennus\/#primaryimage"},"thumbnailUrl":"https:\/\/solutionsteps.fi\/wp-content\/uploads\/2023\/03\/problem-4129493_640.jpg","datePublished":"2023-03-19T12:57:11+00:00","dateModified":"2023-03-26T16:30:33+00:00","breadcrumb":{"@id":"https:\/\/solutionsteps.fi\/index.php\/ratkes-valmennus\/#breadcrumb"},"inLanguage":"fi","potentialAction":[{"@type":"ReadAction","target":["https:\/\/solutionsteps.fi\/index.php\/ratkes-valmennus\/"]}]},{"@type":"ImageObject","inLanguage":"fi","@id":"https:\/\/solutionsteps.fi\/index.php\/ratkes-valmennus\/#primaryimage","url":"https:\/\/solutionsteps.fi\/wp-content\/uploads\/2023\/03\/problem-4129493_640.jpg","contentUrl":"https:\/\/solutionsteps.fi\/wp-content\/uploads\/2023\/03\/problem-4129493_640.jpg","width":640,"height":480},{"@type":"BreadcrumbList","@id":"https:\/\/solutionsteps.fi\/index.php\/ratkes-valmennus\/#breadcrumb","itemListElement":[{"@type":"ListItem","position":1,"name":"Etusivu","item":"https:\/\/solutionsteps.fi\/"},{"@type":"ListItem","position":2,"name":"RaTkes- ja Nepsy-valmennus"}]},{"@type":"WebSite","@id":"https:\/\/solutionsteps.fi\/#website","url":"https:\/\/solutionsteps.fi\/","name":"Solution Steps","description":"Terapia ja hyvinvointipalvelut","potentialAction":[{"@type":"SearchAction","target":{"@type":"EntryPoint","urlTemplate":"https:\/\/solutionsteps.fi\/?s={search_term_string}"},"query-input":{"@type":"PropertyValueSpecification","valueRequired":true,"valueName":"search_term_string"}}],"inLanguage":"fi"}]}},"_links":{"self":[{"href":"https:\/\/solutionsteps.fi\/index.php\/wp-json\/wp\/v2\/pages\/904","targetHints":{"allow":["GET"]}}],"collection":[{"href":"https:\/\/solutionsteps.fi\/index.php\/wp-json\/wp\/v2\/pages"}],"about":[{"href":"https:\/\/solutionsteps.fi\/index.php\/wp-json\/wp\/v2\/types\/page"}],"author":[{"embeddable":true,"href":"https:\/\/solutionsteps.fi\/index.php\/wp-json\/wp\/v2\/users\/1"}],"replies":[{"embeddable":true,"href":"https:\/\/solutionsteps.fi\/index.php\/wp-json\/wp\/v2\/comments?post=904"}],"version-history":[{"count":19,"href":"https:\/\/solutionsteps.fi\/index.php\/wp-json\/wp\/v2\/pages\/904\/revisions"}],"predecessor-version":[{"id":961,"href":"https:\/\/solutionsteps.fi\/index.php\/wp-json\/wp\/v2\/pages\/904\/revisions\/961"}],"wp:attachment":[{"href":"https:\/\/solutionsteps.fi\/index.php\/wp-json\/wp\/v2\/media?parent=904"}],"curies":[{"name":"wp","href":"https:\/\/api.w.org\/{rel}","templated":true}]}}