{"id":770,"date":"2021-11-03T19:25:37","date_gmt":"2021-11-03T17:25:37","guid":{"rendered":"https:\/\/solutionsteps.wordpress.com\/?page_id=770"},"modified":"2022-02-27T17:08:44","modified_gmt":"2022-02-27T17:08:44","slug":"hyvinvointia-tyoyhteisoille-ja-jarjestoille","status":"publish","type":"page","link":"https:\/\/solutionsteps.fi\/index.php\/hyvinvointia-tyoyhteisoille-ja-jarjestoille\/","title":{"rendered":"Hyvinvointia ty\u00f6yhteis\u00f6ille ja j\u00e4rjest\u00f6ille"},"content":{"rendered":"\n<p class=\"has-light-gray-background-color has-background has-small-font-size\">Ty\u00f6tyytyv\u00e4isyyteen ja kesken\u00e4iseen hyvinvointiin kannattaa satsata. Erillaisilla rentoutus- ja luovuutta lis\u00e4\u00e4vill\u00e4 menetelmill\u00e4 saadaan toivottu lepo- ja lataushetki ty\u00f6p\u00e4iv\u00e4\u00e4n. Voimavara- ja ratkaisukeskeisill\u00e4 menetelmill\u00e4, valmennuksella tai konsultoinnilla tuetaan ty\u00f6ss\u00e4 jaksamista ja yhteen hiileen puhaltamista.<\/p>\n\n\n\n<p class=\"has-light-gray-background-color has-background has-small-font-size\">Erillaisia ryhmille soveltuvia rentoutus- ja l\u00e4sn\u00e4oloharjoitteita voivat olla suggestio, NLP, mielikuvarentoutukset, \u00e4\u00e4nimalja ja keho- ja mielirentoutukset. Luovuutta ja iloa saadaan esim ekspressiivisen taideterapian ja toiminnallisten menetelmien yhdist\u00e4misell\u00e4. Tunnetaidot auttavat saamaan n\u00e4k\u00f6kulmaa ja ymm\u00e4rt\u00e4m\u00e4\u00e4n toisiamme mahdollisissa ty\u00f6yhteis\u00f6n konfliktitilanteissa.<\/p>\n\n\n\n<p><strong>Kenelle?<\/strong><\/p>\n\n\n\n<p class=\"has-light-gray-background-color has-background has-small-font-size\">Ty\u00f6yhteis\u00f6ille<br>Tyky\/Tyhy virkistysp\u00e4iville<br>Kokous-ja koulutusp\u00e4iville<br>Yleishy\u00f6dyllisille yhteis\u00f6ille<br>Opistoille<br>Kouluille<br>Harrasteryhmille<\/p>\n\n\n\n<div class=\"wp-block-image\"><figure class=\"aligncenter size-medium is-resized\"><img loading=\"lazy\" decoding=\"async\" src=\"https:\/\/solutionsteps.fi\/wp-content\/uploads\/2022\/02\/received_685675376159135-200x300.jpeg\" alt=\"\" class=\"wp-image-848\" width=\"276\" height=\"414\" srcset=\"https:\/\/solutionsteps.fi\/wp-content\/uploads\/2022\/02\/received_685675376159135-200x300.jpeg 200w, https:\/\/solutionsteps.fi\/wp-content\/uploads\/2022\/02\/received_685675376159135-683x1024.jpeg 683w, https:\/\/solutionsteps.fi\/wp-content\/uploads\/2022\/02\/received_685675376159135-768x1152.jpeg 768w, https:\/\/solutionsteps.fi\/wp-content\/uploads\/2022\/02\/received_685675376159135-1024x1536.jpeg 1024w, https:\/\/solutionsteps.fi\/wp-content\/uploads\/2022\/02\/received_685675376159135.jpeg 1365w\" sizes=\"auto, (max-width: 276px) 100vw, 276px\" \/><\/figure><\/div>\n","protected":false},"excerpt":{"rendered":"<p>Ty\u00f6tyytyv\u00e4isyyteen ja kesken\u00e4iseen hyvinvointiin kannattaa satsata. Erillaisilla rentoutus- ja luovuutta lis\u00e4\u00e4vill\u00e4 menetelmill\u00e4 saadaan toivottu lepo- ja lataushetki ty\u00f6p\u00e4iv\u00e4\u00e4n. Voimavara- ja ratkaisukeskeisill\u00e4 menetelmill\u00e4, valmennuksella tai konsultoinnilla tuetaan ty\u00f6ss\u00e4 jaksamista ja yhteen hiileen puhaltamista. Erillaisia ryhmille soveltuvia rentoutus- ja l\u00e4sn\u00e4oloharjoitteita voivat olla suggestio, NLP, mielikuvarentoutukset, \u00e4\u00e4nimalja ja keho- ja mielirentoutukset. Luovuutta ja iloa saadaan esim ekspressiivisen taideterapian &hellip; <a href=\"https:\/\/solutionsteps.fi\/index.php\/hyvinvointia-tyoyhteisoille-ja-jarjestoille\/\" class=\"more-link\">Jatka artikkeliin <span class=\"screen-reader-text\">Hyvinvointia ty\u00f6yhteis\u00f6ille ja j\u00e4rjest\u00f6ille<\/span><\/a><\/p>\n","protected":false},"author":1,"featured_media":0,"parent":0,"menu_order":0,"comment_status":"closed","ping_status":"closed","template":"","meta":{"footnotes":""},"class_list":["post-770","page","type-page","status-publish","hentry"],"yoast_head":"<!-- This site is optimized with the Yoast SEO plugin v27.4 - https:\/\/yoast.com\/product\/yoast-seo-wordpress\/ -->\n<title>Hyvinvointia ty\u00f6yhteis\u00f6ille ja j\u00e4rjest\u00f6ille - Solution Steps<\/title>\n<meta name=\"robots\" content=\"index, follow, max-snippet:-1, max-image-preview:large, max-video-preview:-1\" \/>\n<link rel=\"canonical\" href=\"https:\/\/solutionsteps.fi\/index.php\/hyvinvointia-tyoyhteisoille-ja-jarjestoille\/\" \/>\n<meta property=\"og:locale\" content=\"fi_FI\" \/>\n<meta property=\"og:type\" content=\"article\" \/>\n<meta property=\"og:title\" content=\"Hyvinvointia ty\u00f6yhteis\u00f6ille ja j\u00e4rjest\u00f6ille - Solution Steps\" \/>\n<meta property=\"og:description\" content=\"Ty\u00f6tyytyv\u00e4isyyteen ja kesken\u00e4iseen hyvinvointiin kannattaa satsata. Erillaisilla rentoutus- ja luovuutta lis\u00e4\u00e4vill\u00e4 menetelmill\u00e4 saadaan toivottu lepo- ja lataushetki ty\u00f6p\u00e4iv\u00e4\u00e4n. Voimavara- ja ratkaisukeskeisill\u00e4 menetelmill\u00e4, valmennuksella tai konsultoinnilla tuetaan ty\u00f6ss\u00e4 jaksamista ja yhteen hiileen puhaltamista. Erillaisia ryhmille soveltuvia rentoutus- ja l\u00e4sn\u00e4oloharjoitteita voivat olla suggestio, NLP, mielikuvarentoutukset, \u00e4\u00e4nimalja ja keho- ja mielirentoutukset. Luovuutta ja iloa saadaan esim ekspressiivisen taideterapian &hellip; Jatka artikkeliin Hyvinvointia ty\u00f6yhteis\u00f6ille ja j\u00e4rjest\u00f6ille\" \/>\n<meta property=\"og:url\" content=\"https:\/\/solutionsteps.fi\/index.php\/hyvinvointia-tyoyhteisoille-ja-jarjestoille\/\" \/>\n<meta property=\"og:site_name\" content=\"Solution Steps\" \/>\n<meta property=\"article:modified_time\" content=\"2022-02-27T17:08:44+00:00\" \/>\n<meta property=\"og:image\" content=\"https:\/\/solutionsteps.fi\/wp-content\/uploads\/2022\/02\/received_685675376159135-200x300.jpeg\" \/>\n<meta name=\"twitter:card\" content=\"summary_large_image\" \/>\n<meta name=\"twitter:label1\" content=\"Arvioitu lukuaika\" \/>\n\t<meta name=\"twitter:data1\" content=\"1 minuutti\" \/>\n<script type=\"application\/ld+json\" class=\"yoast-schema-graph\">{\"@context\":\"https:\\\/\\\/schema.org\",\"@graph\":[{\"@type\":\"WebPage\",\"@id\":\"https:\\\/\\\/solutionsteps.fi\\\/index.php\\\/hyvinvointia-tyoyhteisoille-ja-jarjestoille\\\/\",\"url\":\"https:\\\/\\\/solutionsteps.fi\\\/index.php\\\/hyvinvointia-tyoyhteisoille-ja-jarjestoille\\\/\",\"name\":\"Hyvinvointia ty\u00f6yhteis\u00f6ille ja j\u00e4rjest\u00f6ille - Solution Steps\",\"isPartOf\":{\"@id\":\"https:\\\/\\\/solutionsteps.fi\\\/#website\"},\"primaryImageOfPage\":{\"@id\":\"https:\\\/\\\/solutionsteps.fi\\\/index.php\\\/hyvinvointia-tyoyhteisoille-ja-jarjestoille\\\/#primaryimage\"},\"image\":{\"@id\":\"https:\\\/\\\/solutionsteps.fi\\\/index.php\\\/hyvinvointia-tyoyhteisoille-ja-jarjestoille\\\/#primaryimage\"},\"thumbnailUrl\":\"https:\\\/\\\/solutionsteps.fi\\\/wp-content\\\/uploads\\\/2022\\\/02\\\/received_685675376159135-200x300.jpeg\",\"datePublished\":\"2021-11-03T17:25:37+00:00\",\"dateModified\":\"2022-02-27T17:08:44+00:00\",\"breadcrumb\":{\"@id\":\"https:\\\/\\\/solutionsteps.fi\\\/index.php\\\/hyvinvointia-tyoyhteisoille-ja-jarjestoille\\\/#breadcrumb\"},\"inLanguage\":\"fi\",\"potentialAction\":[{\"@type\":\"ReadAction\",\"target\":[\"https:\\\/\\\/solutionsteps.fi\\\/index.php\\\/hyvinvointia-tyoyhteisoille-ja-jarjestoille\\\/\"]}]},{\"@type\":\"ImageObject\",\"inLanguage\":\"fi\",\"@id\":\"https:\\\/\\\/solutionsteps.fi\\\/index.php\\\/hyvinvointia-tyoyhteisoille-ja-jarjestoille\\\/#primaryimage\",\"url\":\"https:\\\/\\\/solutionsteps.fi\\\/wp-content\\\/uploads\\\/2022\\\/02\\\/received_685675376159135.jpeg\",\"contentUrl\":\"https:\\\/\\\/solutionsteps.fi\\\/wp-content\\\/uploads\\\/2022\\\/02\\\/received_685675376159135.jpeg\",\"width\":1365,\"height\":2048},{\"@type\":\"BreadcrumbList\",\"@id\":\"https:\\\/\\\/solutionsteps.fi\\\/index.php\\\/hyvinvointia-tyoyhteisoille-ja-jarjestoille\\\/#breadcrumb\",\"itemListElement\":[{\"@type\":\"ListItem\",\"position\":1,\"name\":\"Etusivu\",\"item\":\"https:\\\/\\\/solutionsteps.fi\\\/\"},{\"@type\":\"ListItem\",\"position\":2,\"name\":\"Hyvinvointia ty\u00f6yhteis\u00f6ille ja j\u00e4rjest\u00f6ille\"}]},{\"@type\":\"WebSite\",\"@id\":\"https:\\\/\\\/solutionsteps.fi\\\/#website\",\"url\":\"https:\\\/\\\/solutionsteps.fi\\\/\",\"name\":\"Solution Steps\",\"description\":\"Terapia ja hyvinvointipalvelut\",\"potentialAction\":[{\"@type\":\"SearchAction\",\"target\":{\"@type\":\"EntryPoint\",\"urlTemplate\":\"https:\\\/\\\/solutionsteps.fi\\\/?s={search_term_string}\"},\"query-input\":{\"@type\":\"PropertyValueSpecification\",\"valueRequired\":true,\"valueName\":\"search_term_string\"}}],\"inLanguage\":\"fi\"}]}<\/script>\n<!-- \/ Yoast SEO plugin. -->","yoast_head_json":{"title":"Hyvinvointia ty\u00f6yhteis\u00f6ille ja j\u00e4rjest\u00f6ille - Solution Steps","robots":{"index":"index","follow":"follow","max-snippet":"max-snippet:-1","max-image-preview":"max-image-preview:large","max-video-preview":"max-video-preview:-1"},"canonical":"https:\/\/solutionsteps.fi\/index.php\/hyvinvointia-tyoyhteisoille-ja-jarjestoille\/","og_locale":"fi_FI","og_type":"article","og_title":"Hyvinvointia ty\u00f6yhteis\u00f6ille ja j\u00e4rjest\u00f6ille - Solution Steps","og_description":"Ty\u00f6tyytyv\u00e4isyyteen ja kesken\u00e4iseen hyvinvointiin kannattaa satsata. Erillaisilla rentoutus- ja luovuutta lis\u00e4\u00e4vill\u00e4 menetelmill\u00e4 saadaan toivottu lepo- ja lataushetki ty\u00f6p\u00e4iv\u00e4\u00e4n. Voimavara- ja ratkaisukeskeisill\u00e4 menetelmill\u00e4, valmennuksella tai konsultoinnilla tuetaan ty\u00f6ss\u00e4 jaksamista ja yhteen hiileen puhaltamista. Erillaisia ryhmille soveltuvia rentoutus- ja l\u00e4sn\u00e4oloharjoitteita voivat olla suggestio, NLP, mielikuvarentoutukset, \u00e4\u00e4nimalja ja keho- ja mielirentoutukset. Luovuutta ja iloa saadaan esim ekspressiivisen taideterapian &hellip; Jatka artikkeliin Hyvinvointia ty\u00f6yhteis\u00f6ille ja j\u00e4rjest\u00f6ille","og_url":"https:\/\/solutionsteps.fi\/index.php\/hyvinvointia-tyoyhteisoille-ja-jarjestoille\/","og_site_name":"Solution Steps","article_modified_time":"2022-02-27T17:08:44+00:00","og_image":[{"url":"https:\/\/solutionsteps.fi\/wp-content\/uploads\/2022\/02\/received_685675376159135-200x300.jpeg","type":"","width":"","height":""}],"twitter_card":"summary_large_image","twitter_misc":{"Arvioitu lukuaika":"1 minuutti"},"schema":{"@context":"https:\/\/schema.org","@graph":[{"@type":"WebPage","@id":"https:\/\/solutionsteps.fi\/index.php\/hyvinvointia-tyoyhteisoille-ja-jarjestoille\/","url":"https:\/\/solutionsteps.fi\/index.php\/hyvinvointia-tyoyhteisoille-ja-jarjestoille\/","name":"Hyvinvointia ty\u00f6yhteis\u00f6ille ja j\u00e4rjest\u00f6ille - Solution Steps","isPartOf":{"@id":"https:\/\/solutionsteps.fi\/#website"},"primaryImageOfPage":{"@id":"https:\/\/solutionsteps.fi\/index.php\/hyvinvointia-tyoyhteisoille-ja-jarjestoille\/#primaryimage"},"image":{"@id":"https:\/\/solutionsteps.fi\/index.php\/hyvinvointia-tyoyhteisoille-ja-jarjestoille\/#primaryimage"},"thumbnailUrl":"https:\/\/solutionsteps.fi\/wp-content\/uploads\/2022\/02\/received_685675376159135-200x300.jpeg","datePublished":"2021-11-03T17:25:37+00:00","dateModified":"2022-02-27T17:08:44+00:00","breadcrumb":{"@id":"https:\/\/solutionsteps.fi\/index.php\/hyvinvointia-tyoyhteisoille-ja-jarjestoille\/#breadcrumb"},"inLanguage":"fi","potentialAction":[{"@type":"ReadAction","target":["https:\/\/solutionsteps.fi\/index.php\/hyvinvointia-tyoyhteisoille-ja-jarjestoille\/"]}]},{"@type":"ImageObject","inLanguage":"fi","@id":"https:\/\/solutionsteps.fi\/index.php\/hyvinvointia-tyoyhteisoille-ja-jarjestoille\/#primaryimage","url":"https:\/\/solutionsteps.fi\/wp-content\/uploads\/2022\/02\/received_685675376159135.jpeg","contentUrl":"https:\/\/solutionsteps.fi\/wp-content\/uploads\/2022\/02\/received_685675376159135.jpeg","width":1365,"height":2048},{"@type":"BreadcrumbList","@id":"https:\/\/solutionsteps.fi\/index.php\/hyvinvointia-tyoyhteisoille-ja-jarjestoille\/#breadcrumb","itemListElement":[{"@type":"ListItem","position":1,"name":"Etusivu","item":"https:\/\/solutionsteps.fi\/"},{"@type":"ListItem","position":2,"name":"Hyvinvointia ty\u00f6yhteis\u00f6ille ja j\u00e4rjest\u00f6ille"}]},{"@type":"WebSite","@id":"https:\/\/solutionsteps.fi\/#website","url":"https:\/\/solutionsteps.fi\/","name":"Solution Steps","description":"Terapia ja hyvinvointipalvelut","potentialAction":[{"@type":"SearchAction","target":{"@type":"EntryPoint","urlTemplate":"https:\/\/solutionsteps.fi\/?s={search_term_string}"},"query-input":{"@type":"PropertyValueSpecification","valueRequired":true,"valueName":"search_term_string"}}],"inLanguage":"fi"}]}},"_links":{"self":[{"href":"https:\/\/solutionsteps.fi\/index.php\/wp-json\/wp\/v2\/pages\/770","targetHints":{"allow":["GET"]}}],"collection":[{"href":"https:\/\/solutionsteps.fi\/index.php\/wp-json\/wp\/v2\/pages"}],"about":[{"href":"https:\/\/solutionsteps.fi\/index.php\/wp-json\/wp\/v2\/types\/page"}],"author":[{"embeddable":true,"href":"https:\/\/solutionsteps.fi\/index.php\/wp-json\/wp\/v2\/users\/1"}],"replies":[{"embeddable":true,"href":"https:\/\/solutionsteps.fi\/index.php\/wp-json\/wp\/v2\/comments?post=770"}],"version-history":[{"count":1,"href":"https:\/\/solutionsteps.fi\/index.php\/wp-json\/wp\/v2\/pages\/770\/revisions"}],"predecessor-version":[{"id":849,"href":"https:\/\/solutionsteps.fi\/index.php\/wp-json\/wp\/v2\/pages\/770\/revisions\/849"}],"wp:attachment":[{"href":"https:\/\/solutionsteps.fi\/index.php\/wp-json\/wp\/v2\/media?parent=770"}],"curies":[{"name":"wp","href":"https:\/\/api.w.org\/{rel}","templated":true}]}}