{"id":7,"date":"2021-04-27T18:38:55","date_gmt":"2021-04-27T15:38:55","guid":{"rendered":"https:\/\/solutionsteps.wordpress.com\/?page_id=6"},"modified":"2023-03-19T11:31:57","modified_gmt":"2023-03-19T11:31:57","slug":"home","status":"publish","type":"page","link":"https:\/\/solutionsteps.fi\/","title":{"rendered":"Terapia- ja hyvinvointipalvelut"},"content":{"rendered":"\n<div class=\"wp-block-group\"><div class=\"wp-block-group__inner-container is-layout-flow wp-block-group-is-layout-flow\">\n<div class=\"wp-block-columns has-dark-gray-color has-light-blue-background-color has-text-color has-background is-layout-flex wp-container-core-columns-is-layout-9d6595d7 wp-block-columns-is-layout-flex\">\n<div class=\"wp-block-column has-dark-gray-color has-light-blue-background-color has-text-color has-background is-layout-flow wp-block-column-is-layout-flow\" style=\"flex-basis:100%\">\n<div class=\"wp-block-group alignwide has-dark-gray-color has-light-blue-background-color has-text-color has-background\"><div class=\"wp-block-group__inner-container is-layout-flow wp-block-group-is-layout-flow\">\n<div class=\"wp-block-columns is-layout-flex wp-container-core-columns-is-layout-9d6595d7 wp-block-columns-is-layout-flex\">\n<div class=\"wp-block-column is-vertically-aligned-top is-layout-flow wp-block-column-is-layout-flow\" style=\"flex-basis:100%\">\n<figure class=\"wp-block-image size-large is-resized is-style-default\"><img loading=\"lazy\" decoding=\"async\" src=\"https:\/\/solutionsteps.files.wordpress.com\/2021\/10\/img_7176.jpg?w=720\" alt=\"\" class=\"wp-image-592\" width=\"129\" height=\"171\" srcset=\"https:\/\/solutionsteps.fi\/wp-content\/uploads\/2021\/10\/img_7176.jpg 720w, https:\/\/solutionsteps.fi\/wp-content\/uploads\/2021\/10\/img_7176-225x300.jpg 225w\" sizes=\"auto, (max-width: 129px) 100vw, 129px\" \/><\/figure>\n\n\n\n<p class=\"has-normal-font-size\">Onnen avaimet ovat sinulla<\/p>\n\n\n\n<div class=\"wp-block-columns is-layout-flex wp-container-core-columns-is-layout-9d6595d7 wp-block-columns-is-layout-flex\">\n<div class=\"wp-block-column is-layout-flow wp-block-column-is-layout-flow\" style=\"flex-basis:100%\">\n<ul class=\"wp-block-list\">\n<li>Tarvitsetko uusia n\u00e4k\u00f6kulmia el\u00e4m\u00e4\u00e4si<\/li>\n\n\n\n<li>Kaipaatko parisuhteeseen uusia toimintatapoja ja ymm\u00e4rryst\u00e4<\/li>\n\n\n\n<li>Onko ty\u00f6tilanteesi muuttunut tai kuormittunut<\/li>\n\n\n\n<li>Tarvitsetko ty\u00f6nohjausta <\/li>\n\n\n\n<li>Kaipaatko tukea vanhemmuuteen<\/li>\n\n\n\n<li>Tarvitsetko konsultointia oppimiseen liittyviss\u00e4 asioissa<\/li>\n\n\n\n<li>Haluatko lis\u00e4t\u00e4 itsetuntemustasi ja hyvinvointiasi<\/li>\n\n\n\n<li>Haluatko oppia rentoutumaan<\/li>\n<\/ul>\n<\/div>\n<\/div>\n\n\n\n<figure class=\"wp-block-gallery has-nested-images columns-default is-cropped wp-block-gallery-1 is-layout-flex wp-block-gallery-is-layout-flex\">\n<figure class=\"wp-block-image size-large is-style-default\"><img loading=\"lazy\" decoding=\"async\" width=\"1024\" height=\"1024\" data-id=\"893\" src=\"https:\/\/solutionsteps.fi\/wp-content\/uploads\/2023\/03\/20230312_184040-1024x1024.jpg\" alt=\"\" class=\"wp-image-893\" srcset=\"https:\/\/solutionsteps.fi\/wp-content\/uploads\/2023\/03\/20230312_184040-1024x1024.jpg 1024w, https:\/\/solutionsteps.fi\/wp-content\/uploads\/2023\/03\/20230312_184040-300x300.jpg 300w, https:\/\/solutionsteps.fi\/wp-content\/uploads\/2023\/03\/20230312_184040-150x150.jpg 150w, https:\/\/solutionsteps.fi\/wp-content\/uploads\/2023\/03\/20230312_184040-768x768.jpg 768w, https:\/\/solutionsteps.fi\/wp-content\/uploads\/2023\/03\/20230312_184040-1536x1536.jpg 1536w, https:\/\/solutionsteps.fi\/wp-content\/uploads\/2023\/03\/20230312_184040-2048x2048.jpg 2048w\" sizes=\"auto, (max-width: 1024px) 100vw, 1024px\" \/><\/figure>\n<\/figure>\n<\/div>\n<\/div>\n\n\n\n<div class=\"wp-block-jetpack-layout-grid alignfull column1-desktop-grid__span-9 column1-desktop-grid__row-1 column1-tablet-grid__span-8 column1-tablet-grid__row-1 column1-mobile-grid__span-4 column1-mobile-grid__row-1\">\n\n<div class=\"wp-block-jetpack-layout-grid-column wp-block-jetpack-layout-grid__padding-none is-vertically-aligned-top\">\n\n<p><\/p>\n\n<\/div>\n\n<\/div>\n<\/div><\/div>\n<\/div>\n<\/div>\n<\/div><\/div>\n\n\n\n<div class=\"wp-block-group alignfull has-foreground-dark-background-color has-background\"><div class=\"wp-block-group__inner-container is-layout-flow wp-block-group-is-layout-flow\"><\/div><\/div>\n\n\n\n<p><\/p>\n","protected":false},"excerpt":{"rendered":"<p>Onnen avaimet ovat sinulla<\/p>\n","protected":false},"author":1,"featured_media":0,"parent":0,"menu_order":1,"comment_status":"closed","ping_status":"closed","template":"","meta":{"footnotes":""},"class_list":["post-7","page","type-page","status-publish","hentry"],"yoast_head":"<!-- This site is optimized with the Yoast SEO plugin v27.5 - https:\/\/yoast.com\/product\/yoast-seo-wordpress\/ -->\n<title>Terapia- ja hyvinvointipalvelut - Solution Steps<\/title>\n<meta name=\"robots\" content=\"index, follow, max-snippet:-1, max-image-preview:large, max-video-preview:-1\" \/>\n<link rel=\"canonical\" href=\"https:\/\/solutionsteps.fi\/\" \/>\n<meta property=\"og:locale\" content=\"fi_FI\" \/>\n<meta property=\"og:type\" content=\"article\" \/>\n<meta property=\"og:title\" content=\"Terapia- ja hyvinvointipalvelut - Solution Steps\" \/>\n<meta property=\"og:description\" content=\"Onnen avaimet ovat sinulla\" \/>\n<meta property=\"og:url\" content=\"https:\/\/solutionsteps.fi\/\" \/>\n<meta property=\"og:site_name\" content=\"Solution Steps\" \/>\n<meta property=\"article:modified_time\" content=\"2023-03-19T11:31:57+00:00\" \/>\n<meta property=\"og:image\" content=\"https:\/\/solutionsteps.files.wordpress.com\/2021\/10\/img_7176.jpg?w=720\" \/>\n<meta name=\"twitter:card\" content=\"summary_large_image\" \/>\n<meta name=\"twitter:label1\" content=\"Arvioitu lukuaika\" \/>\n\t<meta name=\"twitter:data1\" content=\"1 minuutti\" \/>\n<script type=\"application\/ld+json\" class=\"yoast-schema-graph\">{\"@context\":\"https:\\\/\\\/schema.org\",\"@graph\":[{\"@type\":\"WebPage\",\"@id\":\"https:\\\/\\\/solutionsteps.fi\\\/\",\"url\":\"https:\\\/\\\/solutionsteps.fi\\\/\",\"name\":\"Terapia- ja hyvinvointipalvelut - Solution Steps\",\"isPartOf\":{\"@id\":\"https:\\\/\\\/solutionsteps.fi\\\/#website\"},\"primaryImageOfPage\":{\"@id\":\"https:\\\/\\\/solutionsteps.fi\\\/#primaryimage\"},\"image\":{\"@id\":\"https:\\\/\\\/solutionsteps.fi\\\/#primaryimage\"},\"thumbnailUrl\":\"https:\\\/\\\/solutionsteps.files.wordpress.com\\\/2021\\\/10\\\/img_7176.jpg?w=720\",\"datePublished\":\"2021-04-27T15:38:55+00:00\",\"dateModified\":\"2023-03-19T11:31:57+00:00\",\"breadcrumb\":{\"@id\":\"https:\\\/\\\/solutionsteps.fi\\\/#breadcrumb\"},\"inLanguage\":\"fi\",\"potentialAction\":[{\"@type\":\"ReadAction\",\"target\":[\"https:\\\/\\\/solutionsteps.fi\\\/\"]}]},{\"@type\":\"ImageObject\",\"inLanguage\":\"fi\",\"@id\":\"https:\\\/\\\/solutionsteps.fi\\\/#primaryimage\",\"url\":\"https:\\\/\\\/solutionsteps.files.wordpress.com\\\/2021\\\/10\\\/img_7176.jpg?w=720\",\"contentUrl\":\"https:\\\/\\\/solutionsteps.files.wordpress.com\\\/2021\\\/10\\\/img_7176.jpg?w=720\"},{\"@type\":\"BreadcrumbList\",\"@id\":\"https:\\\/\\\/solutionsteps.fi\\\/#breadcrumb\",\"itemListElement\":[{\"@type\":\"ListItem\",\"position\":1,\"name\":\"Etusivu\",\"item\":\"https:\\\/\\\/solutionsteps.fi\\\/\"},{\"@type\":\"ListItem\",\"position\":2,\"name\":\"Terapia- ja hyvinvointipalvelut\"}]},{\"@type\":\"WebSite\",\"@id\":\"https:\\\/\\\/solutionsteps.fi\\\/#website\",\"url\":\"https:\\\/\\\/solutionsteps.fi\\\/\",\"name\":\"Solution Steps\",\"description\":\"Terapia ja hyvinvointipalvelut\",\"potentialAction\":[{\"@type\":\"SearchAction\",\"target\":{\"@type\":\"EntryPoint\",\"urlTemplate\":\"https:\\\/\\\/solutionsteps.fi\\\/?s={search_term_string}\"},\"query-input\":{\"@type\":\"PropertyValueSpecification\",\"valueRequired\":true,\"valueName\":\"search_term_string\"}}],\"inLanguage\":\"fi\"}]}<\/script>\n<!-- \/ Yoast SEO plugin. -->","yoast_head_json":{"title":"Terapia- ja hyvinvointipalvelut - Solution Steps","robots":{"index":"index","follow":"follow","max-snippet":"max-snippet:-1","max-image-preview":"max-image-preview:large","max-video-preview":"max-video-preview:-1"},"canonical":"https:\/\/solutionsteps.fi\/","og_locale":"fi_FI","og_type":"article","og_title":"Terapia- ja hyvinvointipalvelut - Solution Steps","og_description":"Onnen avaimet ovat sinulla","og_url":"https:\/\/solutionsteps.fi\/","og_site_name":"Solution Steps","article_modified_time":"2023-03-19T11:31:57+00:00","og_image":[{"url":"https:\/\/solutionsteps.files.wordpress.com\/2021\/10\/img_7176.jpg?w=720","type":"","width":"","height":""}],"twitter_card":"summary_large_image","twitter_misc":{"Arvioitu lukuaika":"1 minuutti"},"schema":{"@context":"https:\/\/schema.org","@graph":[{"@type":"WebPage","@id":"https:\/\/solutionsteps.fi\/","url":"https:\/\/solutionsteps.fi\/","name":"Terapia- ja hyvinvointipalvelut - Solution Steps","isPartOf":{"@id":"https:\/\/solutionsteps.fi\/#website"},"primaryImageOfPage":{"@id":"https:\/\/solutionsteps.fi\/#primaryimage"},"image":{"@id":"https:\/\/solutionsteps.fi\/#primaryimage"},"thumbnailUrl":"https:\/\/solutionsteps.files.wordpress.com\/2021\/10\/img_7176.jpg?w=720","datePublished":"2021-04-27T15:38:55+00:00","dateModified":"2023-03-19T11:31:57+00:00","breadcrumb":{"@id":"https:\/\/solutionsteps.fi\/#breadcrumb"},"inLanguage":"fi","potentialAction":[{"@type":"ReadAction","target":["https:\/\/solutionsteps.fi\/"]}]},{"@type":"ImageObject","inLanguage":"fi","@id":"https:\/\/solutionsteps.fi\/#primaryimage","url":"https:\/\/solutionsteps.files.wordpress.com\/2021\/10\/img_7176.jpg?w=720","contentUrl":"https:\/\/solutionsteps.files.wordpress.com\/2021\/10\/img_7176.jpg?w=720"},{"@type":"BreadcrumbList","@id":"https:\/\/solutionsteps.fi\/#breadcrumb","itemListElement":[{"@type":"ListItem","position":1,"name":"Etusivu","item":"https:\/\/solutionsteps.fi\/"},{"@type":"ListItem","position":2,"name":"Terapia- ja hyvinvointipalvelut"}]},{"@type":"WebSite","@id":"https:\/\/solutionsteps.fi\/#website","url":"https:\/\/solutionsteps.fi\/","name":"Solution Steps","description":"Terapia ja hyvinvointipalvelut","potentialAction":[{"@type":"SearchAction","target":{"@type":"EntryPoint","urlTemplate":"https:\/\/solutionsteps.fi\/?s={search_term_string}"},"query-input":{"@type":"PropertyValueSpecification","valueRequired":true,"valueName":"search_term_string"}}],"inLanguage":"fi"}]}},"_links":{"self":[{"href":"https:\/\/solutionsteps.fi\/index.php\/wp-json\/wp\/v2\/pages\/7","targetHints":{"allow":["GET"]}}],"collection":[{"href":"https:\/\/solutionsteps.fi\/index.php\/wp-json\/wp\/v2\/pages"}],"about":[{"href":"https:\/\/solutionsteps.fi\/index.php\/wp-json\/wp\/v2\/types\/page"}],"author":[{"embeddable":true,"href":"https:\/\/solutionsteps.fi\/index.php\/wp-json\/wp\/v2\/users\/1"}],"replies":[{"embeddable":true,"href":"https:\/\/solutionsteps.fi\/index.php\/wp-json\/wp\/v2\/comments?post=7"}],"version-history":[{"count":3,"href":"https:\/\/solutionsteps.fi\/index.php\/wp-json\/wp\/v2\/pages\/7\/revisions"}],"predecessor-version":[{"id":900,"href":"https:\/\/solutionsteps.fi\/index.php\/wp-json\/wp\/v2\/pages\/7\/revisions\/900"}],"wp:attachment":[{"href":"https:\/\/solutionsteps.fi\/index.php\/wp-json\/wp\/v2\/media?parent=7"}],"curies":[{"name":"wp","href":"https:\/\/api.w.org\/{rel}","templated":true}]}}