{"id":283,"date":"2021-07-06T21:25:25","date_gmt":"2021-07-06T18:25:25","guid":{"rendered":"https:\/\/solutionsteps.wordpress.com\/?page_id=283"},"modified":"2023-03-19T11:59:40","modified_gmt":"2023-03-19T11:59:40","slug":"esittely","status":"publish","type":"page","link":"https:\/\/solutionsteps.fi\/index.php\/esittely\/","title":{"rendered":"Min\u00e4"},"content":{"rendered":"\n<p class=\"has-light-gray-background-color has-background has-small-font-size\"><br>Voit ottaa minuun yhteytt\u00e4, jos tarvitset tukea ja uusia n\u00e4k\u00f6kulmia esim. ty\u00f6ss\u00e4 jaksamisessa, erillaisissa el\u00e4m\u00e4n kriisitilanteissa, vanhemmuuden haasteissa tai kasvatukseen, k\u00e4ytt\u00e4ytymiseen ja oppimiseen liittyviss\u00e4 asioissa. L\u00f6ydet\u00e4\u00e4n yhdess\u00e4 toimivia keinoja, uusia n\u00e4k\u00f6kulmia ja voimavaroja ongelmalliseen tilanteeseen.                                                                         <\/p>\n\n\n\n<div class=\"wp-block-columns is-layout-flex wp-container-core-columns-is-layout-9d6595d7 wp-block-columns-is-layout-flex\">\n<div class=\"wp-block-column is-vertically-aligned-center is-layout-flow wp-block-column-is-layout-flow\"><div class=\"wp-block-image\">\n<figure class=\"aligncenter size-medium is-resized\"><img loading=\"lazy\" decoding=\"async\" src=\"https:\/\/solutionsteps.fi\/wp-content\/uploads\/2021\/09\/s40-200x300.jpg\" alt=\"\" class=\"wp-image-433\" width=\"241\" height=\"362\" srcset=\"https:\/\/solutionsteps.fi\/wp-content\/uploads\/2021\/09\/s40-200x300.jpg 200w, https:\/\/solutionsteps.fi\/wp-content\/uploads\/2021\/09\/s40-683x1024.jpg 683w, https:\/\/solutionsteps.fi\/wp-content\/uploads\/2021\/09\/s40-768x1152.jpg 768w, https:\/\/solutionsteps.fi\/wp-content\/uploads\/2021\/09\/s40-1024x1536.jpg 1024w, https:\/\/solutionsteps.fi\/wp-content\/uploads\/2021\/09\/s40-1365x2048.jpg 1365w, https:\/\/solutionsteps.fi\/wp-content\/uploads\/2021\/09\/s40-1568x2352.jpg 1568w, https:\/\/solutionsteps.fi\/wp-content\/uploads\/2021\/09\/s40-scaled.jpg 1707w\" sizes=\"auto, (max-width: 241px) 100vw, 241px\" \/><\/figure>\n<\/div><\/div>\n<\/div>\n\n\n\n<p class=\"has-text-align-left has-light-gray-background-color has-background has-small-font-size\">Toimin my\u00f6s V\u00e4est\u00f6liiton terapiapalveluissa<\/p>\n\n\n\n<h6 class=\"wp-block-heading\" id=\"koulutukset\">Koulutukset:<\/h6>\n\n\n\n<p class=\"has-light-gray-background-color has-background has-small-font-size\">Varhaiskasvatuksen kandidaatti<br>K\u00e4ytt\u00e4ytymistieteen maisteri<br>Erityisopettaja<br>Post Gradued Diploma in Solution Focused Therapy<br>Ekspressiivinen Taideterapeutti<br>Kognitiivinen hypnoterapeutti<br>Uniohjaaja (Uniliiton ja Unitutkimusseuran j\u00e4sen)<br>Mielenterveyshoitaja<br>Rn: 60303074441<\/p>\n\n\n\n<h6 class=\"wp-block-heading\" id=\"taydennys-ja-hyvinvointikoulutuksia\">T\u00e4ydennys-ja hyvinvointikoulutuksia:<\/h6>\n\n\n\n<p class=\"has-light-gray-background-color has-background has-small-font-size\">Sosiaalipsykologia<br>Ty\u00f6- ja org.psykologia<br>Koulutuksen suunnittelu ja hallinto<br>Ahaa-aivotreeniohjaaja<br>Logopedian perusopinnot<br>Matematiikkaterapia<br>Mindfullness ja tietoisuustaito <br>Neurolingvistinen prosessointi \/NLP<br>Psykofyysinen psykoterapia<br>Konstellaatio-ohjaus<br>Sosio-ja psykodraamamenetelm\u00e4t <br>Seikkailu-ja toimintakokemusmenetelm\u00e4t<br>Syv\u00e4n \u00e4\u00e4nen ymm\u00e4rt\u00e4misen koulutuksia (Iegor Reznikof, Pia Skipdahl)<br>Rumpu hoitavana ja rentouttavana elementtin\u00e4<br>Sointu-ja \u00e4\u00e4nikylpyhoidot  <\/p>\n","protected":false},"excerpt":{"rendered":"<p>Voit ottaa minuun yhteytt\u00e4, jos tarvitset tukea ja uusia n\u00e4k\u00f6kulmia esim. ty\u00f6ss\u00e4 jaksamisessa, erillaisissa el\u00e4m\u00e4n kriisitilanteissa, vanhemmuuden haasteissa tai kasvatukseen, k\u00e4ytt\u00e4ytymiseen ja oppimiseen liittyviss\u00e4 asioissa. L\u00f6ydet\u00e4\u00e4n yhdess\u00e4 toimivia keinoja, uusia n\u00e4k\u00f6kulmia ja voimavaroja ongelmalliseen tilanteeseen. Toimin my\u00f6s V\u00e4est\u00f6liiton terapiapalveluissa Koulutukset: Varhaiskasvatuksen kandidaattiK\u00e4ytt\u00e4ytymistieteen maisteriErityisopettajaPost Gradued Diploma in Solution Focused TherapyEkspressiivinen TaideterapeuttiKognitiivinen hypnoterapeuttiUniohjaaja (Uniliiton ja Unitutkimusseuran j\u00e4sen)MielenterveyshoitajaRn: &hellip; <a href=\"https:\/\/solutionsteps.fi\/index.php\/esittely\/\" class=\"more-link\">Jatka artikkeliin <span class=\"screen-reader-text\">Min\u00e4<\/span><\/a><\/p>\n","protected":false},"author":1,"featured_media":0,"parent":0,"menu_order":0,"comment_status":"closed","ping_status":"closed","template":"","meta":{"footnotes":""},"class_list":["post-283","page","type-page","status-publish","hentry"],"yoast_head":"<!-- This site is optimized with the Yoast SEO plugin v27.4 - https:\/\/yoast.com\/product\/yoast-seo-wordpress\/ -->\n<title>Min\u00e4 - Solution Steps<\/title>\n<meta name=\"robots\" content=\"index, follow, max-snippet:-1, max-image-preview:large, max-video-preview:-1\" \/>\n<link rel=\"canonical\" href=\"https:\/\/solutionsteps.fi\/index.php\/esittely\/\" \/>\n<meta property=\"og:locale\" content=\"fi_FI\" \/>\n<meta property=\"og:type\" content=\"article\" \/>\n<meta property=\"og:title\" content=\"Min\u00e4 - Solution Steps\" \/>\n<meta property=\"og:description\" content=\"Voit ottaa minuun yhteytt\u00e4, jos tarvitset tukea ja uusia n\u00e4k\u00f6kulmia esim. ty\u00f6ss\u00e4 jaksamisessa, erillaisissa el\u00e4m\u00e4n kriisitilanteissa, vanhemmuuden haasteissa tai kasvatukseen, k\u00e4ytt\u00e4ytymiseen ja oppimiseen liittyviss\u00e4 asioissa. L\u00f6ydet\u00e4\u00e4n yhdess\u00e4 toimivia keinoja, uusia n\u00e4k\u00f6kulmia ja voimavaroja ongelmalliseen tilanteeseen. Toimin my\u00f6s V\u00e4est\u00f6liiton terapiapalveluissa Koulutukset: Varhaiskasvatuksen kandidaattiK\u00e4ytt\u00e4ytymistieteen maisteriErityisopettajaPost Gradued Diploma in Solution Focused TherapyEkspressiivinen TaideterapeuttiKognitiivinen hypnoterapeuttiUniohjaaja (Uniliiton ja Unitutkimusseuran j\u00e4sen)MielenterveyshoitajaRn: &hellip; Jatka artikkeliin Min\u00e4\" \/>\n<meta property=\"og:url\" content=\"https:\/\/solutionsteps.fi\/index.php\/esittely\/\" \/>\n<meta property=\"og:site_name\" content=\"Solution Steps\" \/>\n<meta property=\"article:modified_time\" content=\"2023-03-19T11:59:40+00:00\" \/>\n<meta property=\"og:image\" content=\"https:\/\/solutionsteps.fi\/wp-content\/uploads\/2021\/09\/s40-200x300.jpg\" \/>\n<meta name=\"twitter:card\" content=\"summary_large_image\" \/>\n<meta name=\"twitter:label1\" content=\"Arvioitu lukuaika\" \/>\n\t<meta name=\"twitter:data1\" content=\"1 minuutti\" \/>\n<script type=\"application\/ld+json\" class=\"yoast-schema-graph\">{\"@context\":\"https:\\\/\\\/schema.org\",\"@graph\":[{\"@type\":\"WebPage\",\"@id\":\"https:\\\/\\\/solutionsteps.fi\\\/index.php\\\/esittely\\\/\",\"url\":\"https:\\\/\\\/solutionsteps.fi\\\/index.php\\\/esittely\\\/\",\"name\":\"Min\u00e4 - Solution Steps\",\"isPartOf\":{\"@id\":\"https:\\\/\\\/solutionsteps.fi\\\/#website\"},\"primaryImageOfPage\":{\"@id\":\"https:\\\/\\\/solutionsteps.fi\\\/index.php\\\/esittely\\\/#primaryimage\"},\"image\":{\"@id\":\"https:\\\/\\\/solutionsteps.fi\\\/index.php\\\/esittely\\\/#primaryimage\"},\"thumbnailUrl\":\"https:\\\/\\\/solutionsteps.fi\\\/wp-content\\\/uploads\\\/2021\\\/09\\\/s40-200x300.jpg\",\"datePublished\":\"2021-07-06T18:25:25+00:00\",\"dateModified\":\"2023-03-19T11:59:40+00:00\",\"breadcrumb\":{\"@id\":\"https:\\\/\\\/solutionsteps.fi\\\/index.php\\\/esittely\\\/#breadcrumb\"},\"inLanguage\":\"fi\",\"potentialAction\":[{\"@type\":\"ReadAction\",\"target\":[\"https:\\\/\\\/solutionsteps.fi\\\/index.php\\\/esittely\\\/\"]}]},{\"@type\":\"ImageObject\",\"inLanguage\":\"fi\",\"@id\":\"https:\\\/\\\/solutionsteps.fi\\\/index.php\\\/esittely\\\/#primaryimage\",\"url\":\"https:\\\/\\\/solutionsteps.fi\\\/wp-content\\\/uploads\\\/2021\\\/09\\\/s40-scaled.jpg\",\"contentUrl\":\"https:\\\/\\\/solutionsteps.fi\\\/wp-content\\\/uploads\\\/2021\\\/09\\\/s40-scaled.jpg\",\"width\":1707,\"height\":2560},{\"@type\":\"BreadcrumbList\",\"@id\":\"https:\\\/\\\/solutionsteps.fi\\\/index.php\\\/esittely\\\/#breadcrumb\",\"itemListElement\":[{\"@type\":\"ListItem\",\"position\":1,\"name\":\"Etusivu\",\"item\":\"https:\\\/\\\/solutionsteps.fi\\\/\"},{\"@type\":\"ListItem\",\"position\":2,\"name\":\"Min\u00e4\"}]},{\"@type\":\"WebSite\",\"@id\":\"https:\\\/\\\/solutionsteps.fi\\\/#website\",\"url\":\"https:\\\/\\\/solutionsteps.fi\\\/\",\"name\":\"Solution Steps\",\"description\":\"Terapia ja hyvinvointipalvelut\",\"potentialAction\":[{\"@type\":\"SearchAction\",\"target\":{\"@type\":\"EntryPoint\",\"urlTemplate\":\"https:\\\/\\\/solutionsteps.fi\\\/?s={search_term_string}\"},\"query-input\":{\"@type\":\"PropertyValueSpecification\",\"valueRequired\":true,\"valueName\":\"search_term_string\"}}],\"inLanguage\":\"fi\"}]}<\/script>\n<!-- \/ Yoast SEO plugin. -->","yoast_head_json":{"title":"Min\u00e4 - Solution Steps","robots":{"index":"index","follow":"follow","max-snippet":"max-snippet:-1","max-image-preview":"max-image-preview:large","max-video-preview":"max-video-preview:-1"},"canonical":"https:\/\/solutionsteps.fi\/index.php\/esittely\/","og_locale":"fi_FI","og_type":"article","og_title":"Min\u00e4 - Solution Steps","og_description":"Voit ottaa minuun yhteytt\u00e4, jos tarvitset tukea ja uusia n\u00e4k\u00f6kulmia esim. ty\u00f6ss\u00e4 jaksamisessa, erillaisissa el\u00e4m\u00e4n kriisitilanteissa, vanhemmuuden haasteissa tai kasvatukseen, k\u00e4ytt\u00e4ytymiseen ja oppimiseen liittyviss\u00e4 asioissa. L\u00f6ydet\u00e4\u00e4n yhdess\u00e4 toimivia keinoja, uusia n\u00e4k\u00f6kulmia ja voimavaroja ongelmalliseen tilanteeseen. Toimin my\u00f6s V\u00e4est\u00f6liiton terapiapalveluissa Koulutukset: Varhaiskasvatuksen kandidaattiK\u00e4ytt\u00e4ytymistieteen maisteriErityisopettajaPost Gradued Diploma in Solution Focused TherapyEkspressiivinen TaideterapeuttiKognitiivinen hypnoterapeuttiUniohjaaja (Uniliiton ja Unitutkimusseuran j\u00e4sen)MielenterveyshoitajaRn: &hellip; Jatka artikkeliin Min\u00e4","og_url":"https:\/\/solutionsteps.fi\/index.php\/esittely\/","og_site_name":"Solution Steps","article_modified_time":"2023-03-19T11:59:40+00:00","og_image":[{"url":"https:\/\/solutionsteps.fi\/wp-content\/uploads\/2021\/09\/s40-200x300.jpg","type":"","width":"","height":""}],"twitter_card":"summary_large_image","twitter_misc":{"Arvioitu lukuaika":"1 minuutti"},"schema":{"@context":"https:\/\/schema.org","@graph":[{"@type":"WebPage","@id":"https:\/\/solutionsteps.fi\/index.php\/esittely\/","url":"https:\/\/solutionsteps.fi\/index.php\/esittely\/","name":"Min\u00e4 - Solution Steps","isPartOf":{"@id":"https:\/\/solutionsteps.fi\/#website"},"primaryImageOfPage":{"@id":"https:\/\/solutionsteps.fi\/index.php\/esittely\/#primaryimage"},"image":{"@id":"https:\/\/solutionsteps.fi\/index.php\/esittely\/#primaryimage"},"thumbnailUrl":"https:\/\/solutionsteps.fi\/wp-content\/uploads\/2021\/09\/s40-200x300.jpg","datePublished":"2021-07-06T18:25:25+00:00","dateModified":"2023-03-19T11:59:40+00:00","breadcrumb":{"@id":"https:\/\/solutionsteps.fi\/index.php\/esittely\/#breadcrumb"},"inLanguage":"fi","potentialAction":[{"@type":"ReadAction","target":["https:\/\/solutionsteps.fi\/index.php\/esittely\/"]}]},{"@type":"ImageObject","inLanguage":"fi","@id":"https:\/\/solutionsteps.fi\/index.php\/esittely\/#primaryimage","url":"https:\/\/solutionsteps.fi\/wp-content\/uploads\/2021\/09\/s40-scaled.jpg","contentUrl":"https:\/\/solutionsteps.fi\/wp-content\/uploads\/2021\/09\/s40-scaled.jpg","width":1707,"height":2560},{"@type":"BreadcrumbList","@id":"https:\/\/solutionsteps.fi\/index.php\/esittely\/#breadcrumb","itemListElement":[{"@type":"ListItem","position":1,"name":"Etusivu","item":"https:\/\/solutionsteps.fi\/"},{"@type":"ListItem","position":2,"name":"Min\u00e4"}]},{"@type":"WebSite","@id":"https:\/\/solutionsteps.fi\/#website","url":"https:\/\/solutionsteps.fi\/","name":"Solution Steps","description":"Terapia ja hyvinvointipalvelut","potentialAction":[{"@type":"SearchAction","target":{"@type":"EntryPoint","urlTemplate":"https:\/\/solutionsteps.fi\/?s={search_term_string}"},"query-input":{"@type":"PropertyValueSpecification","valueRequired":true,"valueName":"search_term_string"}}],"inLanguage":"fi"}]}},"_links":{"self":[{"href":"https:\/\/solutionsteps.fi\/index.php\/wp-json\/wp\/v2\/pages\/283","targetHints":{"allow":["GET"]}}],"collection":[{"href":"https:\/\/solutionsteps.fi\/index.php\/wp-json\/wp\/v2\/pages"}],"about":[{"href":"https:\/\/solutionsteps.fi\/index.php\/wp-json\/wp\/v2\/types\/page"}],"author":[{"embeddable":true,"href":"https:\/\/solutionsteps.fi\/index.php\/wp-json\/wp\/v2\/users\/1"}],"replies":[{"embeddable":true,"href":"https:\/\/solutionsteps.fi\/index.php\/wp-json\/wp\/v2\/comments?post=283"}],"version-history":[{"count":5,"href":"https:\/\/solutionsteps.fi\/index.php\/wp-json\/wp\/v2\/pages\/283\/revisions"}],"predecessor-version":[{"id":907,"href":"https:\/\/solutionsteps.fi\/index.php\/wp-json\/wp\/v2\/pages\/283\/revisions\/907"}],"wp:attachment":[{"href":"https:\/\/solutionsteps.fi\/index.php\/wp-json\/wp\/v2\/media?parent=283"}],"curies":[{"name":"wp","href":"https:\/\/api.w.org\/{rel}","templated":true}]}}