{"id":239,"date":"2021-07-05T21:04:39","date_gmt":"2021-07-05T18:04:39","guid":{"rendered":"https:\/\/solutionsteps.wordpress.com\/?page_id=239"},"modified":"2021-07-05T21:04:39","modified_gmt":"2021-07-05T18:04:39","slug":"puhe-luki","status":"publish","type":"page","link":"https:\/\/solutionsteps.fi\/index.php\/puhe-luki\/","title":{"rendered":"LuKi- ja Puhekuntoutus"},"content":{"rendered":"\n<p class=\"has-light-gray-background-color has-background has-small-font-size\">Lukikuntoutuksessa keskityt\u00e4\u00e4n kirjoittamisen ja lukemisen sujuvuuden harjoitteluun tai luetun ymm\u00e4rt\u00e4misen strategioiden opetteluun.<\/p>\n\n\n\n<p class=\"has-light-gray-background-color has-background has-small-font-size\">Lukiopetukseen kuuluvat my\u00f6s oman oppimistyylin ja oppimisstrategioiden kartoitus.<\/p>\n\n\n\n<p class=\"has-light-gray-background-color has-background has-small-font-size\">Opittava sis\u00e4lt\u00f6 r\u00e4\u00e4t\u00e4l\u00f6id\u00e4\u00e4n aina lukitestin kautta yksil\u00f6llisesti asiakkaan tarpeiden mukaan.<br><\/p>\n\n\n\n<p class=\"has-light-gray-background-color has-background has-small-font-size\">Tapaamisten aikana voidaan oppimisstrategioita linkitt\u00e4\u00e4 my\u00f6s eri oppi-aineisiin tai keskitty\u00e4 motivaatioon, muistitekniikoihin ja visualisointiin.<\/p>\n\n\n\n<p class=\"has-light-gray-background-color has-background has-small-font-size\">Opetuspaketti: 5 kertaa&nbsp;45min\/250 e&nbsp;<br>Yksitt\u00e4iset tunnit: 50 e&nbsp;<br>Lukitestit ja todistukset mopo\/autokouluun lis\u00e4-ajan saamiseksi 80 e<\/p>\n\n\n\n<p class=\"has-light-gray-background-color has-background has-small-font-size\">Linkkej\u00e4:<br><a href=\"http:\/\/www.lukihairio.fi\/\">www.lukihairio.fi<\/a><br><a href=\"https:\/\/www.lukihairio.fi\/sv\/\">www.lukihairio.fi\/sv\/<\/a><\/p>\n\n\n\n<p class=\"has-normal-font-size\"><strong>Puhekuntoutus:<\/strong><\/p>\n\n\n\n<p class=\"has-light-gray-background-color has-background has-small-font-size\">Artikulaatiovirheen (s,r,l) kartoitus ja korjaamiseen tarvittavat harjoitusteht\u00e4v\u00e4t ohjeistuksineen. Yleens\u00e4 tarvitaan 5 kertaa tai enemm\u00e4n.<\/p>\n\n\n\n<p class=\"has-light-gray-background-color has-background has-small-font-size\">Asiakas saa mukaan itsen\u00e4iset kotiteht\u00e4v\u00e4t, joiden edistymist\u00e4 arvioidaan yhdess\u00e4 erityisopettajan kanssa.<\/p>\n\n\n\n<p class=\"has-light-gray-background-color has-background has-small-font-size\">Yksitt\u00e4iset tunnit: 50 e<br>Artikulointiopetus: 5krt \/ 250 e<\/p>\n\n\n\n<div class=\"wp-block-image is-style-default\"><figure class=\"alignright size-full is-resized\"><img loading=\"lazy\" decoding=\"async\" src=\"https:\/\/solutionsteps.files.wordpress.com\/2021\/04\/liidut.jpg\" alt=\"\" class=\"wp-image-183\" width=\"333\" height=\"222\" srcset=\"https:\/\/solutionsteps.fi\/wp-content\/uploads\/2021\/04\/liidut.jpg 720w, https:\/\/solutionsteps.fi\/wp-content\/uploads\/2021\/04\/liidut-300x200.jpg 300w\" sizes=\"auto, (max-width: 333px) 100vw, 333px\" \/><\/figure><\/div>\n","protected":false},"excerpt":{"rendered":"<p>Lukikuntoutuksessa keskityt\u00e4\u00e4n kirjoittamisen ja lukemisen sujuvuuden harjoitteluun tai luetun ymm\u00e4rt\u00e4misen strategioiden opetteluun. Lukiopetukseen kuuluvat my\u00f6s oman oppimistyylin ja oppimisstrategioiden kartoitus. Opittava sis\u00e4lt\u00f6 r\u00e4\u00e4t\u00e4l\u00f6id\u00e4\u00e4n aina lukitestin kautta yksil\u00f6llisesti asiakkaan tarpeiden mukaan. Tapaamisten aikana voidaan oppimisstrategioita linkitt\u00e4\u00e4 my\u00f6s eri oppi-aineisiin tai keskitty\u00e4 motivaatioon, muistitekniikoihin ja visualisointiin. Opetuspaketti: 5 kertaa&nbsp;45min\/250 e&nbsp;Yksitt\u00e4iset tunnit: 50 e&nbsp;Lukitestit ja todistukset mopo\/autokouluun lis\u00e4-ajan &hellip; <a href=\"https:\/\/solutionsteps.fi\/index.php\/puhe-luki\/\" class=\"more-link\">Jatka artikkeliin <span class=\"screen-reader-text\">LuKi- ja Puhekuntoutus<\/span><\/a><\/p>\n","protected":false},"author":1,"featured_media":0,"parent":0,"menu_order":0,"comment_status":"closed","ping_status":"closed","template":"","meta":{"footnotes":""},"class_list":["post-239","page","type-page","status-publish","hentry"],"yoast_head":"<!-- This site is optimized with the Yoast SEO plugin v27.4 - https:\/\/yoast.com\/product\/yoast-seo-wordpress\/ -->\n<title>LuKi- ja Puhekuntoutus - Solution Steps<\/title>\n<meta name=\"robots\" content=\"index, follow, max-snippet:-1, max-image-preview:large, max-video-preview:-1\" \/>\n<link rel=\"canonical\" href=\"https:\/\/solutionsteps.fi\/index.php\/puhe-luki\/\" \/>\n<meta property=\"og:locale\" content=\"fi_FI\" \/>\n<meta property=\"og:type\" content=\"article\" \/>\n<meta property=\"og:title\" content=\"LuKi- ja Puhekuntoutus - Solution Steps\" \/>\n<meta property=\"og:description\" content=\"Lukikuntoutuksessa keskityt\u00e4\u00e4n kirjoittamisen ja lukemisen sujuvuuden harjoitteluun tai luetun ymm\u00e4rt\u00e4misen strategioiden opetteluun. Lukiopetukseen kuuluvat my\u00f6s oman oppimistyylin ja oppimisstrategioiden kartoitus. Opittava sis\u00e4lt\u00f6 r\u00e4\u00e4t\u00e4l\u00f6id\u00e4\u00e4n aina lukitestin kautta yksil\u00f6llisesti asiakkaan tarpeiden mukaan. Tapaamisten aikana voidaan oppimisstrategioita linkitt\u00e4\u00e4 my\u00f6s eri oppi-aineisiin tai keskitty\u00e4 motivaatioon, muistitekniikoihin ja visualisointiin. Opetuspaketti: 5 kertaa&nbsp;45min\/250 e&nbsp;Yksitt\u00e4iset tunnit: 50 e&nbsp;Lukitestit ja todistukset mopo\/autokouluun lis\u00e4-ajan &hellip; Jatka artikkeliin LuKi- ja Puhekuntoutus\" \/>\n<meta property=\"og:url\" content=\"https:\/\/solutionsteps.fi\/index.php\/puhe-luki\/\" \/>\n<meta property=\"og:site_name\" content=\"Solution Steps\" \/>\n<meta property=\"og:image\" content=\"https:\/\/solutionsteps.files.wordpress.com\/2021\/04\/liidut.jpg\" \/>\n<meta name=\"twitter:card\" content=\"summary_large_image\" \/>\n<meta name=\"twitter:label1\" content=\"Arvioitu lukuaika\" \/>\n\t<meta name=\"twitter:data1\" content=\"1 minuutti\" \/>\n<script type=\"application\/ld+json\" class=\"yoast-schema-graph\">{\"@context\":\"https:\\\/\\\/schema.org\",\"@graph\":[{\"@type\":\"WebPage\",\"@id\":\"https:\\\/\\\/solutionsteps.fi\\\/index.php\\\/puhe-luki\\\/\",\"url\":\"https:\\\/\\\/solutionsteps.fi\\\/index.php\\\/puhe-luki\\\/\",\"name\":\"LuKi- ja Puhekuntoutus - Solution Steps\",\"isPartOf\":{\"@id\":\"https:\\\/\\\/solutionsteps.fi\\\/#website\"},\"primaryImageOfPage\":{\"@id\":\"https:\\\/\\\/solutionsteps.fi\\\/index.php\\\/puhe-luki\\\/#primaryimage\"},\"image\":{\"@id\":\"https:\\\/\\\/solutionsteps.fi\\\/index.php\\\/puhe-luki\\\/#primaryimage\"},\"thumbnailUrl\":\"https:\\\/\\\/solutionsteps.files.wordpress.com\\\/2021\\\/04\\\/liidut.jpg\",\"datePublished\":\"2021-07-05T18:04:39+00:00\",\"breadcrumb\":{\"@id\":\"https:\\\/\\\/solutionsteps.fi\\\/index.php\\\/puhe-luki\\\/#breadcrumb\"},\"inLanguage\":\"fi\",\"potentialAction\":[{\"@type\":\"ReadAction\",\"target\":[\"https:\\\/\\\/solutionsteps.fi\\\/index.php\\\/puhe-luki\\\/\"]}]},{\"@type\":\"ImageObject\",\"inLanguage\":\"fi\",\"@id\":\"https:\\\/\\\/solutionsteps.fi\\\/index.php\\\/puhe-luki\\\/#primaryimage\",\"url\":\"https:\\\/\\\/solutionsteps.files.wordpress.com\\\/2021\\\/04\\\/liidut.jpg\",\"contentUrl\":\"https:\\\/\\\/solutionsteps.files.wordpress.com\\\/2021\\\/04\\\/liidut.jpg\"},{\"@type\":\"BreadcrumbList\",\"@id\":\"https:\\\/\\\/solutionsteps.fi\\\/index.php\\\/puhe-luki\\\/#breadcrumb\",\"itemListElement\":[{\"@type\":\"ListItem\",\"position\":1,\"name\":\"Etusivu\",\"item\":\"https:\\\/\\\/solutionsteps.fi\\\/\"},{\"@type\":\"ListItem\",\"position\":2,\"name\":\"LuKi- ja Puhekuntoutus\"}]},{\"@type\":\"WebSite\",\"@id\":\"https:\\\/\\\/solutionsteps.fi\\\/#website\",\"url\":\"https:\\\/\\\/solutionsteps.fi\\\/\",\"name\":\"Solution Steps\",\"description\":\"Terapia ja hyvinvointipalvelut\",\"potentialAction\":[{\"@type\":\"SearchAction\",\"target\":{\"@type\":\"EntryPoint\",\"urlTemplate\":\"https:\\\/\\\/solutionsteps.fi\\\/?s={search_term_string}\"},\"query-input\":{\"@type\":\"PropertyValueSpecification\",\"valueRequired\":true,\"valueName\":\"search_term_string\"}}],\"inLanguage\":\"fi\"}]}<\/script>\n<!-- \/ Yoast SEO plugin. -->","yoast_head_json":{"title":"LuKi- ja Puhekuntoutus - Solution Steps","robots":{"index":"index","follow":"follow","max-snippet":"max-snippet:-1","max-image-preview":"max-image-preview:large","max-video-preview":"max-video-preview:-1"},"canonical":"https:\/\/solutionsteps.fi\/index.php\/puhe-luki\/","og_locale":"fi_FI","og_type":"article","og_title":"LuKi- ja Puhekuntoutus - Solution Steps","og_description":"Lukikuntoutuksessa keskityt\u00e4\u00e4n kirjoittamisen ja lukemisen sujuvuuden harjoitteluun tai luetun ymm\u00e4rt\u00e4misen strategioiden opetteluun. Lukiopetukseen kuuluvat my\u00f6s oman oppimistyylin ja oppimisstrategioiden kartoitus. Opittava sis\u00e4lt\u00f6 r\u00e4\u00e4t\u00e4l\u00f6id\u00e4\u00e4n aina lukitestin kautta yksil\u00f6llisesti asiakkaan tarpeiden mukaan. Tapaamisten aikana voidaan oppimisstrategioita linkitt\u00e4\u00e4 my\u00f6s eri oppi-aineisiin tai keskitty\u00e4 motivaatioon, muistitekniikoihin ja visualisointiin. Opetuspaketti: 5 kertaa&nbsp;45min\/250 e&nbsp;Yksitt\u00e4iset tunnit: 50 e&nbsp;Lukitestit ja todistukset mopo\/autokouluun lis\u00e4-ajan &hellip; Jatka artikkeliin LuKi- ja Puhekuntoutus","og_url":"https:\/\/solutionsteps.fi\/index.php\/puhe-luki\/","og_site_name":"Solution Steps","og_image":[{"url":"https:\/\/solutionsteps.files.wordpress.com\/2021\/04\/liidut.jpg","type":"","width":"","height":""}],"twitter_card":"summary_large_image","twitter_misc":{"Arvioitu lukuaika":"1 minuutti"},"schema":{"@context":"https:\/\/schema.org","@graph":[{"@type":"WebPage","@id":"https:\/\/solutionsteps.fi\/index.php\/puhe-luki\/","url":"https:\/\/solutionsteps.fi\/index.php\/puhe-luki\/","name":"LuKi- ja Puhekuntoutus - Solution Steps","isPartOf":{"@id":"https:\/\/solutionsteps.fi\/#website"},"primaryImageOfPage":{"@id":"https:\/\/solutionsteps.fi\/index.php\/puhe-luki\/#primaryimage"},"image":{"@id":"https:\/\/solutionsteps.fi\/index.php\/puhe-luki\/#primaryimage"},"thumbnailUrl":"https:\/\/solutionsteps.files.wordpress.com\/2021\/04\/liidut.jpg","datePublished":"2021-07-05T18:04:39+00:00","breadcrumb":{"@id":"https:\/\/solutionsteps.fi\/index.php\/puhe-luki\/#breadcrumb"},"inLanguage":"fi","potentialAction":[{"@type":"ReadAction","target":["https:\/\/solutionsteps.fi\/index.php\/puhe-luki\/"]}]},{"@type":"ImageObject","inLanguage":"fi","@id":"https:\/\/solutionsteps.fi\/index.php\/puhe-luki\/#primaryimage","url":"https:\/\/solutionsteps.files.wordpress.com\/2021\/04\/liidut.jpg","contentUrl":"https:\/\/solutionsteps.files.wordpress.com\/2021\/04\/liidut.jpg"},{"@type":"BreadcrumbList","@id":"https:\/\/solutionsteps.fi\/index.php\/puhe-luki\/#breadcrumb","itemListElement":[{"@type":"ListItem","position":1,"name":"Etusivu","item":"https:\/\/solutionsteps.fi\/"},{"@type":"ListItem","position":2,"name":"LuKi- ja Puhekuntoutus"}]},{"@type":"WebSite","@id":"https:\/\/solutionsteps.fi\/#website","url":"https:\/\/solutionsteps.fi\/","name":"Solution Steps","description":"Terapia ja hyvinvointipalvelut","potentialAction":[{"@type":"SearchAction","target":{"@type":"EntryPoint","urlTemplate":"https:\/\/solutionsteps.fi\/?s={search_term_string}"},"query-input":{"@type":"PropertyValueSpecification","valueRequired":true,"valueName":"search_term_string"}}],"inLanguage":"fi"}]}},"_links":{"self":[{"href":"https:\/\/solutionsteps.fi\/index.php\/wp-json\/wp\/v2\/pages\/239","targetHints":{"allow":["GET"]}}],"collection":[{"href":"https:\/\/solutionsteps.fi\/index.php\/wp-json\/wp\/v2\/pages"}],"about":[{"href":"https:\/\/solutionsteps.fi\/index.php\/wp-json\/wp\/v2\/types\/page"}],"author":[{"embeddable":true,"href":"https:\/\/solutionsteps.fi\/index.php\/wp-json\/wp\/v2\/users\/1"}],"replies":[{"embeddable":true,"href":"https:\/\/solutionsteps.fi\/index.php\/wp-json\/wp\/v2\/comments?post=239"}],"version-history":[{"count":0,"href":"https:\/\/solutionsteps.fi\/index.php\/wp-json\/wp\/v2\/pages\/239\/revisions"}],"wp:attachment":[{"href":"https:\/\/solutionsteps.fi\/index.php\/wp-json\/wp\/v2\/media?parent=239"}],"curies":[{"name":"wp","href":"https:\/\/api.w.org\/{rel}","templated":true}]}}