{"id":235,"date":"2021-07-05T21:01:50","date_gmt":"2021-07-05T18:01:50","guid":{"rendered":"https:\/\/solutionsteps.wordpress.com\/?page_id=235"},"modified":"2022-02-27T17:13:52","modified_gmt":"2022-02-27T17:13:52","slug":"kognitiivinen-hypnoterapia","status":"publish","type":"page","link":"https:\/\/solutionsteps.fi\/index.php\/kognitiivinen-hypnoterapia\/","title":{"rendered":"Kognitiivinen hypnoterapia"},"content":{"rendered":"\n<p class=\"has-light-gray-background-color has-background has-small-font-size\">KH-Terapia (cognitive hypnotherapy) on kognitiiviseen k\u00e4ytt\u00e4ytymisterapiaan ja positiiviseen psykologiaan rakentuva hoitomenetelm\u00e4. Tuloksellisuus perustuu kliiniseen kokemukseen ja empiiriseen tutkimukseen. Tuloksia voi saada jo muutaman k\u00e4yntikerran sarjoina. KH-terapiaa voidaan k\u00e4ytt\u00e4\u00e4 kaikissa lyhytterapian vaiheissa.<\/p>\n\n\n\n<p class=\"has-light-gray-background-color has-background has-small-font-size\">Terapiassa keskityt\u00e4\u00e4n ongelmien juurisyihin ja kartoitetaan olemassa olevat valmiudet ja resurssit. Terapiassa synnytet\u00e4\u00e4n ja vahvistetaan korjaavia ratkaisumielikuvia ja mielentiloja. Muutoksia tapahtuu kokemuksissa, havannoissa, aistimuksissa, tunteissa ja\/tai k\u00e4ytt\u00e4ytymisess\u00e4.<\/p>\n\n\n\n<p class=\"has-light-gray-background-color has-background has-small-font-size\">Kognitiivinen hypnoterapia auttaa esim ahdistukseen, pelkotiloihin, el\u00e4m\u00e4ntapamuutoksiin, unettomuuteen, j\u00e4nnitt\u00e4miseen, sy\u00f6mish\u00e4iri\u00f6hin tai kielteisiin ajatuksiin.<\/p>\n\n\n\n<figure class=\"wp-block-gallery has-nested-images columns-default is-cropped wp-block-gallery-1 is-layout-flex wp-block-gallery-is-layout-flex\">\n<figure class=\"wp-block-image size-large\"><img loading=\"lazy\" decoding=\"async\" width=\"277\" height=\"180\" data-id=\"760\" src=\"https:\/\/solutionsteps.fi\/wp-content\/uploads\/2021\/11\/kivikasa.jpg\" alt=\"\" class=\"wp-image-760\"\/><\/figure>\n\n\n\n<figure class=\"wp-block-image size-large\"><img loading=\"lazy\" decoding=\"async\" width=\"270\" height=\"180\" data-id=\"123\" src=\"https:\/\/solutionsteps.fi\/wp-content\/uploads\/2021\/04\/kivet.jpg\" alt=\"\" class=\"wp-image-123\"\/><\/figure>\n<\/figure>\n","protected":false},"excerpt":{"rendered":"<p>KH-Terapia (cognitive hypnotherapy) on kognitiiviseen k\u00e4ytt\u00e4ytymisterapiaan ja positiiviseen psykologiaan rakentuva hoitomenetelm\u00e4. Tuloksellisuus perustuu kliiniseen kokemukseen ja empiiriseen tutkimukseen. Tuloksia voi saada jo muutaman k\u00e4yntikerran sarjoina. KH-terapiaa voidaan k\u00e4ytt\u00e4\u00e4 kaikissa lyhytterapian vaiheissa. Terapiassa keskityt\u00e4\u00e4n ongelmien juurisyihin ja kartoitetaan olemassa olevat valmiudet ja resurssit. Terapiassa synnytet\u00e4\u00e4n ja vahvistetaan korjaavia ratkaisumielikuvia ja mielentiloja. Muutoksia tapahtuu kokemuksissa, havannoissa, aistimuksissa, &hellip; <a href=\"https:\/\/solutionsteps.fi\/index.php\/kognitiivinen-hypnoterapia\/\" class=\"more-link\">Jatka artikkeliin <span class=\"screen-reader-text\">Kognitiivinen hypnoterapia<\/span><\/a><\/p>\n","protected":false},"author":1,"featured_media":0,"parent":0,"menu_order":0,"comment_status":"closed","ping_status":"closed","template":"","meta":{"footnotes":""},"class_list":["post-235","page","type-page","status-publish","hentry"],"yoast_head":"<!-- This site is optimized with the Yoast SEO plugin v27.3 - https:\/\/yoast.com\/product\/yoast-seo-wordpress\/ -->\n<title>Kognitiivinen hypnoterapia - Solution Steps<\/title>\n<meta name=\"robots\" content=\"index, follow, max-snippet:-1, max-image-preview:large, max-video-preview:-1\" \/>\n<link rel=\"canonical\" href=\"https:\/\/solutionsteps.fi\/index.php\/kognitiivinen-hypnoterapia\/\" \/>\n<meta property=\"og:locale\" content=\"fi_FI\" \/>\n<meta property=\"og:type\" content=\"article\" \/>\n<meta property=\"og:title\" content=\"Kognitiivinen hypnoterapia - Solution Steps\" \/>\n<meta property=\"og:description\" content=\"KH-Terapia (cognitive hypnotherapy) on kognitiiviseen k\u00e4ytt\u00e4ytymisterapiaan ja positiiviseen psykologiaan rakentuva hoitomenetelm\u00e4. Tuloksellisuus perustuu kliiniseen kokemukseen ja empiiriseen tutkimukseen. Tuloksia voi saada jo muutaman k\u00e4yntikerran sarjoina. KH-terapiaa voidaan k\u00e4ytt\u00e4\u00e4 kaikissa lyhytterapian vaiheissa. Terapiassa keskityt\u00e4\u00e4n ongelmien juurisyihin ja kartoitetaan olemassa olevat valmiudet ja resurssit. Terapiassa synnytet\u00e4\u00e4n ja vahvistetaan korjaavia ratkaisumielikuvia ja mielentiloja. Muutoksia tapahtuu kokemuksissa, havannoissa, aistimuksissa, &hellip; Jatka artikkeliin Kognitiivinen hypnoterapia\" \/>\n<meta property=\"og:url\" content=\"https:\/\/solutionsteps.fi\/index.php\/kognitiivinen-hypnoterapia\/\" \/>\n<meta property=\"og:site_name\" content=\"Solution Steps\" \/>\n<meta property=\"article:modified_time\" content=\"2022-02-27T17:13:52+00:00\" \/>\n<meta property=\"og:image\" content=\"https:\/\/solutionsteps.fi\/wp-content\/uploads\/2021\/11\/kivikasa.jpg\" \/>\n<meta name=\"twitter:card\" content=\"summary_large_image\" \/>\n<meta name=\"twitter:label1\" content=\"Arvioitu lukuaika\" \/>\n\t<meta name=\"twitter:data1\" content=\"1 minuutti\" \/>\n<script type=\"application\/ld+json\" class=\"yoast-schema-graph\">{\"@context\":\"https:\\\/\\\/schema.org\",\"@graph\":[{\"@type\":\"WebPage\",\"@id\":\"https:\\\/\\\/solutionsteps.fi\\\/index.php\\\/kognitiivinen-hypnoterapia\\\/\",\"url\":\"https:\\\/\\\/solutionsteps.fi\\\/index.php\\\/kognitiivinen-hypnoterapia\\\/\",\"name\":\"Kognitiivinen hypnoterapia - Solution Steps\",\"isPartOf\":{\"@id\":\"https:\\\/\\\/solutionsteps.fi\\\/#website\"},\"primaryImageOfPage\":{\"@id\":\"https:\\\/\\\/solutionsteps.fi\\\/index.php\\\/kognitiivinen-hypnoterapia\\\/#primaryimage\"},\"image\":{\"@id\":\"https:\\\/\\\/solutionsteps.fi\\\/index.php\\\/kognitiivinen-hypnoterapia\\\/#primaryimage\"},\"thumbnailUrl\":\"https:\\\/\\\/solutionsteps.fi\\\/wp-content\\\/uploads\\\/2021\\\/11\\\/kivikasa.jpg\",\"datePublished\":\"2021-07-05T18:01:50+00:00\",\"dateModified\":\"2022-02-27T17:13:52+00:00\",\"breadcrumb\":{\"@id\":\"https:\\\/\\\/solutionsteps.fi\\\/index.php\\\/kognitiivinen-hypnoterapia\\\/#breadcrumb\"},\"inLanguage\":\"fi\",\"potentialAction\":[{\"@type\":\"ReadAction\",\"target\":[\"https:\\\/\\\/solutionsteps.fi\\\/index.php\\\/kognitiivinen-hypnoterapia\\\/\"]}]},{\"@type\":\"ImageObject\",\"inLanguage\":\"fi\",\"@id\":\"https:\\\/\\\/solutionsteps.fi\\\/index.php\\\/kognitiivinen-hypnoterapia\\\/#primaryimage\",\"url\":\"https:\\\/\\\/solutionsteps.fi\\\/wp-content\\\/uploads\\\/2021\\\/11\\\/kivikasa.jpg\",\"contentUrl\":\"https:\\\/\\\/solutionsteps.fi\\\/wp-content\\\/uploads\\\/2021\\\/11\\\/kivikasa.jpg\",\"width\":277,\"height\":180},{\"@type\":\"BreadcrumbList\",\"@id\":\"https:\\\/\\\/solutionsteps.fi\\\/index.php\\\/kognitiivinen-hypnoterapia\\\/#breadcrumb\",\"itemListElement\":[{\"@type\":\"ListItem\",\"position\":1,\"name\":\"Etusivu\",\"item\":\"https:\\\/\\\/solutionsteps.fi\\\/\"},{\"@type\":\"ListItem\",\"position\":2,\"name\":\"Kognitiivinen hypnoterapia\"}]},{\"@type\":\"WebSite\",\"@id\":\"https:\\\/\\\/solutionsteps.fi\\\/#website\",\"url\":\"https:\\\/\\\/solutionsteps.fi\\\/\",\"name\":\"Solution Steps\",\"description\":\"Terapia ja hyvinvointipalvelut\",\"potentialAction\":[{\"@type\":\"SearchAction\",\"target\":{\"@type\":\"EntryPoint\",\"urlTemplate\":\"https:\\\/\\\/solutionsteps.fi\\\/?s={search_term_string}\"},\"query-input\":{\"@type\":\"PropertyValueSpecification\",\"valueRequired\":true,\"valueName\":\"search_term_string\"}}],\"inLanguage\":\"fi\"}]}<\/script>\n<!-- \/ Yoast SEO plugin. -->","yoast_head_json":{"title":"Kognitiivinen hypnoterapia - Solution Steps","robots":{"index":"index","follow":"follow","max-snippet":"max-snippet:-1","max-image-preview":"max-image-preview:large","max-video-preview":"max-video-preview:-1"},"canonical":"https:\/\/solutionsteps.fi\/index.php\/kognitiivinen-hypnoterapia\/","og_locale":"fi_FI","og_type":"article","og_title":"Kognitiivinen hypnoterapia - Solution Steps","og_description":"KH-Terapia (cognitive hypnotherapy) on kognitiiviseen k\u00e4ytt\u00e4ytymisterapiaan ja positiiviseen psykologiaan rakentuva hoitomenetelm\u00e4. Tuloksellisuus perustuu kliiniseen kokemukseen ja empiiriseen tutkimukseen. Tuloksia voi saada jo muutaman k\u00e4yntikerran sarjoina. KH-terapiaa voidaan k\u00e4ytt\u00e4\u00e4 kaikissa lyhytterapian vaiheissa. Terapiassa keskityt\u00e4\u00e4n ongelmien juurisyihin ja kartoitetaan olemassa olevat valmiudet ja resurssit. Terapiassa synnytet\u00e4\u00e4n ja vahvistetaan korjaavia ratkaisumielikuvia ja mielentiloja. Muutoksia tapahtuu kokemuksissa, havannoissa, aistimuksissa, &hellip; Jatka artikkeliin Kognitiivinen hypnoterapia","og_url":"https:\/\/solutionsteps.fi\/index.php\/kognitiivinen-hypnoterapia\/","og_site_name":"Solution Steps","article_modified_time":"2022-02-27T17:13:52+00:00","og_image":[{"url":"https:\/\/solutionsteps.fi\/wp-content\/uploads\/2021\/11\/kivikasa.jpg","type":"","width":"","height":""}],"twitter_card":"summary_large_image","twitter_misc":{"Arvioitu lukuaika":"1 minuutti"},"schema":{"@context":"https:\/\/schema.org","@graph":[{"@type":"WebPage","@id":"https:\/\/solutionsteps.fi\/index.php\/kognitiivinen-hypnoterapia\/","url":"https:\/\/solutionsteps.fi\/index.php\/kognitiivinen-hypnoterapia\/","name":"Kognitiivinen hypnoterapia - Solution Steps","isPartOf":{"@id":"https:\/\/solutionsteps.fi\/#website"},"primaryImageOfPage":{"@id":"https:\/\/solutionsteps.fi\/index.php\/kognitiivinen-hypnoterapia\/#primaryimage"},"image":{"@id":"https:\/\/solutionsteps.fi\/index.php\/kognitiivinen-hypnoterapia\/#primaryimage"},"thumbnailUrl":"https:\/\/solutionsteps.fi\/wp-content\/uploads\/2021\/11\/kivikasa.jpg","datePublished":"2021-07-05T18:01:50+00:00","dateModified":"2022-02-27T17:13:52+00:00","breadcrumb":{"@id":"https:\/\/solutionsteps.fi\/index.php\/kognitiivinen-hypnoterapia\/#breadcrumb"},"inLanguage":"fi","potentialAction":[{"@type":"ReadAction","target":["https:\/\/solutionsteps.fi\/index.php\/kognitiivinen-hypnoterapia\/"]}]},{"@type":"ImageObject","inLanguage":"fi","@id":"https:\/\/solutionsteps.fi\/index.php\/kognitiivinen-hypnoterapia\/#primaryimage","url":"https:\/\/solutionsteps.fi\/wp-content\/uploads\/2021\/11\/kivikasa.jpg","contentUrl":"https:\/\/solutionsteps.fi\/wp-content\/uploads\/2021\/11\/kivikasa.jpg","width":277,"height":180},{"@type":"BreadcrumbList","@id":"https:\/\/solutionsteps.fi\/index.php\/kognitiivinen-hypnoterapia\/#breadcrumb","itemListElement":[{"@type":"ListItem","position":1,"name":"Etusivu","item":"https:\/\/solutionsteps.fi\/"},{"@type":"ListItem","position":2,"name":"Kognitiivinen hypnoterapia"}]},{"@type":"WebSite","@id":"https:\/\/solutionsteps.fi\/#website","url":"https:\/\/solutionsteps.fi\/","name":"Solution Steps","description":"Terapia ja hyvinvointipalvelut","potentialAction":[{"@type":"SearchAction","target":{"@type":"EntryPoint","urlTemplate":"https:\/\/solutionsteps.fi\/?s={search_term_string}"},"query-input":{"@type":"PropertyValueSpecification","valueRequired":true,"valueName":"search_term_string"}}],"inLanguage":"fi"}]}},"_links":{"self":[{"href":"https:\/\/solutionsteps.fi\/index.php\/wp-json\/wp\/v2\/pages\/235","targetHints":{"allow":["GET"]}}],"collection":[{"href":"https:\/\/solutionsteps.fi\/index.php\/wp-json\/wp\/v2\/pages"}],"about":[{"href":"https:\/\/solutionsteps.fi\/index.php\/wp-json\/wp\/v2\/types\/page"}],"author":[{"embeddable":true,"href":"https:\/\/solutionsteps.fi\/index.php\/wp-json\/wp\/v2\/users\/1"}],"replies":[{"embeddable":true,"href":"https:\/\/solutionsteps.fi\/index.php\/wp-json\/wp\/v2\/comments?post=235"}],"version-history":[{"count":1,"href":"https:\/\/solutionsteps.fi\/index.php\/wp-json\/wp\/v2\/pages\/235\/revisions"}],"predecessor-version":[{"id":851,"href":"https:\/\/solutionsteps.fi\/index.php\/wp-json\/wp\/v2\/pages\/235\/revisions\/851"}],"wp:attachment":[{"href":"https:\/\/solutionsteps.fi\/index.php\/wp-json\/wp\/v2\/media?parent=235"}],"curies":[{"name":"wp","href":"https:\/\/api.w.org\/{rel}","templated":true}]}}