{"id":231,"date":"2021-07-05T21:01:13","date_gmt":"2021-07-05T18:01:13","guid":{"rendered":"https:\/\/solutionsteps.wordpress.com\/?page_id=231"},"modified":"2022-02-27T17:38:37","modified_gmt":"2022-02-27T17:38:37","slug":"taideterapia-2","status":"publish","type":"page","link":"https:\/\/solutionsteps.fi\/index.php\/taideterapia-2\/","title":{"rendered":"Taideterapia"},"content":{"rendered":"\n<p class=\"has-small-font-size\"><strong>&#8221; The more you tell your story, the more you can let go of it. As you keep changing the story, the story keeps changing you. &#8221;\u00a0 Paolo Knill<\/strong><\/p>\n\n\n\n<figure class=\"wp-block-image size-medium\"><img loading=\"lazy\" decoding=\"async\" width=\"225\" height=\"300\" src=\"https:\/\/solutionsteps.fi\/wp-content\/uploads\/2021\/11\/kuva0828-225x300.jpg\" alt=\"\" class=\"wp-image-778\" srcset=\"https:\/\/solutionsteps.fi\/wp-content\/uploads\/2021\/11\/kuva0828-225x300.jpg 225w, https:\/\/solutionsteps.fi\/wp-content\/uploads\/2021\/11\/kuva0828.jpg 480w\" sizes=\"auto, (max-width: 225px) 100vw, 225px\" \/><\/figure>\n\n\n\n<p class=\"has-light-gray-background-color has-background has-small-font-size\">Ekspressiivinen Taideterapia menetelm\u00e4n\u00e4 on toiminnallista, kokemuksellista, monitaiteellista ja sensorista, eli aisteja her\u00e4tt\u00e4v\u00e4\u00e4. Taideterapia voimaannuttaa, antaa iloa, vapauttaa, rentouttaa, sek\u00e4 auttaa l\u00f6yt\u00e4m\u00e4\u00e4n uusia n\u00e4k\u00f6kulmia ja ratkaisuja olemiseen ja el\u00e4m\u00e4\u00e4n. Taiteen avulla voidaan lis\u00e4t\u00e4 mielikuvituksen rakentavaa k\u00e4ytt\u00f6\u00e4, auttaa yksil\u00f6\u00e4 l\u00f6yt\u00e4m\u00e4\u00e4n ja kehitt\u00e4m\u00e4\u00e4n korjaavia ratkaisuja, jotka johtavat muutokseen, helpotukseen ja eheytymiseen.<\/p>\n\n\n\n<p class=\"has-light-gray-background-color has-background has-small-font-size\">Taideilmaisu on visuaalinen kieli, jolla ajatusten ja tunteiden ilmaisu helpottuu. Kokemusten ja merkitysten l\u00f6yt\u00e4minen ja kommunikointi taideilmaisun kautta voi joissakin tilanteissa olla helpompaa kuin sanoilla verbalisointi.<\/p>\n\n\n\n<p class=\"has-light-gray-background-color has-background has-small-font-size\">Taideterapian hy\u00f6tyj\u00e4: stressist\u00e4 selviytyminen, konfliktien ratkaisu, oivalluksien saaminen, ongelmallisten k\u00e4yt\u00f6smallien v\u00e4hent\u00e4minen, hyvinvoinnin tunteen lis\u00e4\u00e4minen, itsetiedostaminen, traumaattisten kokemusten l\u00e4pik\u00e4ynti, sairaudet. Ekspressiivinen Taideterapia sopii kaikenik\u00e4isille ja sit\u00e4 voi toteuttaa yksil\u00f6- tai ryhm\u00e4menetelm\u00e4muotona.<\/p>\n\n\n\n<p class=\"has-light-gray-background-color has-background has-small-font-size\">National Institutes of Health on m\u00e4\u00e4ritellyt taideterapian &#8221; mieli-keho &#8221; interventioksi ja luokitellut sen l\u00e4\u00e4ketieteelliseksi hoitomuodoksi. T\u00e4m\u00e4 hoitomuoto edist\u00e4\u00e4 mielen kyky\u00e4 vaikuttaa ruumiillisiin toimintoihin ja oireisiin.<\/p>\n","protected":false},"excerpt":{"rendered":"<p>&#8221; The more you tell your story, the more you can let go of it. As you keep changing the story, the story keeps changing you. &#8221;\u00a0 Paolo Knill Ekspressiivinen Taideterapia menetelm\u00e4n\u00e4 on toiminnallista, kokemuksellista, monitaiteellista ja sensorista, eli aisteja her\u00e4tt\u00e4v\u00e4\u00e4. Taideterapia voimaannuttaa, antaa iloa, vapauttaa, rentouttaa, sek\u00e4 auttaa l\u00f6yt\u00e4m\u00e4\u00e4n uusia n\u00e4k\u00f6kulmia ja ratkaisuja olemiseen &hellip; <a href=\"https:\/\/solutionsteps.fi\/index.php\/taideterapia-2\/\" class=\"more-link\">Jatka artikkeliin <span class=\"screen-reader-text\">Taideterapia<\/span><\/a><\/p>\n","protected":false},"author":1,"featured_media":0,"parent":0,"menu_order":0,"comment_status":"closed","ping_status":"closed","template":"","meta":{"footnotes":""},"class_list":["post-231","page","type-page","status-publish","hentry"],"yoast_head":"<!-- This site is optimized with the Yoast SEO plugin v27.4 - https:\/\/yoast.com\/product\/yoast-seo-wordpress\/ -->\n<title>Taideterapia - Solution Steps<\/title>\n<meta name=\"robots\" content=\"index, follow, max-snippet:-1, max-image-preview:large, max-video-preview:-1\" \/>\n<link rel=\"canonical\" href=\"https:\/\/solutionsteps.fi\/index.php\/taideterapia-2\/\" \/>\n<meta property=\"og:locale\" content=\"fi_FI\" \/>\n<meta property=\"og:type\" content=\"article\" \/>\n<meta property=\"og:title\" content=\"Taideterapia - Solution Steps\" \/>\n<meta property=\"og:description\" content=\"&#8221; The more you tell your story, the more you can let go of it. As you keep changing the story, the story keeps changing you. &#8221;\u00a0 Paolo Knill Ekspressiivinen Taideterapia menetelm\u00e4n\u00e4 on toiminnallista, kokemuksellista, monitaiteellista ja sensorista, eli aisteja her\u00e4tt\u00e4v\u00e4\u00e4. Taideterapia voimaannuttaa, antaa iloa, vapauttaa, rentouttaa, sek\u00e4 auttaa l\u00f6yt\u00e4m\u00e4\u00e4n uusia n\u00e4k\u00f6kulmia ja ratkaisuja olemiseen &hellip; Jatka artikkeliin Taideterapia\" \/>\n<meta property=\"og:url\" content=\"https:\/\/solutionsteps.fi\/index.php\/taideterapia-2\/\" \/>\n<meta property=\"og:site_name\" content=\"Solution Steps\" \/>\n<meta property=\"article:modified_time\" content=\"2022-02-27T17:38:37+00:00\" \/>\n<meta property=\"og:image\" content=\"https:\/\/solutionsteps.fi\/wp-content\/uploads\/2021\/11\/kuva0828-225x300.jpg\" \/>\n<meta name=\"twitter:card\" content=\"summary_large_image\" \/>\n<meta name=\"twitter:label1\" content=\"Arvioitu lukuaika\" \/>\n\t<meta name=\"twitter:data1\" content=\"2 minuuttia\" \/>\n<script type=\"application\/ld+json\" class=\"yoast-schema-graph\">{\"@context\":\"https:\\\/\\\/schema.org\",\"@graph\":[{\"@type\":\"WebPage\",\"@id\":\"https:\\\/\\\/solutionsteps.fi\\\/index.php\\\/taideterapia-2\\\/\",\"url\":\"https:\\\/\\\/solutionsteps.fi\\\/index.php\\\/taideterapia-2\\\/\",\"name\":\"Taideterapia - Solution Steps\",\"isPartOf\":{\"@id\":\"https:\\\/\\\/solutionsteps.fi\\\/#website\"},\"primaryImageOfPage\":{\"@id\":\"https:\\\/\\\/solutionsteps.fi\\\/index.php\\\/taideterapia-2\\\/#primaryimage\"},\"image\":{\"@id\":\"https:\\\/\\\/solutionsteps.fi\\\/index.php\\\/taideterapia-2\\\/#primaryimage\"},\"thumbnailUrl\":\"https:\\\/\\\/solutionsteps.fi\\\/wp-content\\\/uploads\\\/2021\\\/11\\\/kuva0828-225x300.jpg\",\"datePublished\":\"2021-07-05T18:01:13+00:00\",\"dateModified\":\"2022-02-27T17:38:37+00:00\",\"breadcrumb\":{\"@id\":\"https:\\\/\\\/solutionsteps.fi\\\/index.php\\\/taideterapia-2\\\/#breadcrumb\"},\"inLanguage\":\"fi\",\"potentialAction\":[{\"@type\":\"ReadAction\",\"target\":[\"https:\\\/\\\/solutionsteps.fi\\\/index.php\\\/taideterapia-2\\\/\"]}]},{\"@type\":\"ImageObject\",\"inLanguage\":\"fi\",\"@id\":\"https:\\\/\\\/solutionsteps.fi\\\/index.php\\\/taideterapia-2\\\/#primaryimage\",\"url\":\"https:\\\/\\\/solutionsteps.fi\\\/wp-content\\\/uploads\\\/2021\\\/11\\\/kuva0828.jpg\",\"contentUrl\":\"https:\\\/\\\/solutionsteps.fi\\\/wp-content\\\/uploads\\\/2021\\\/11\\\/kuva0828.jpg\",\"width\":480,\"height\":640},{\"@type\":\"BreadcrumbList\",\"@id\":\"https:\\\/\\\/solutionsteps.fi\\\/index.php\\\/taideterapia-2\\\/#breadcrumb\",\"itemListElement\":[{\"@type\":\"ListItem\",\"position\":1,\"name\":\"Etusivu\",\"item\":\"https:\\\/\\\/solutionsteps.fi\\\/\"},{\"@type\":\"ListItem\",\"position\":2,\"name\":\"Taideterapia\"}]},{\"@type\":\"WebSite\",\"@id\":\"https:\\\/\\\/solutionsteps.fi\\\/#website\",\"url\":\"https:\\\/\\\/solutionsteps.fi\\\/\",\"name\":\"Solution Steps\",\"description\":\"Terapia ja hyvinvointipalvelut\",\"potentialAction\":[{\"@type\":\"SearchAction\",\"target\":{\"@type\":\"EntryPoint\",\"urlTemplate\":\"https:\\\/\\\/solutionsteps.fi\\\/?s={search_term_string}\"},\"query-input\":{\"@type\":\"PropertyValueSpecification\",\"valueRequired\":true,\"valueName\":\"search_term_string\"}}],\"inLanguage\":\"fi\"}]}<\/script>\n<!-- \/ Yoast SEO plugin. -->","yoast_head_json":{"title":"Taideterapia - Solution Steps","robots":{"index":"index","follow":"follow","max-snippet":"max-snippet:-1","max-image-preview":"max-image-preview:large","max-video-preview":"max-video-preview:-1"},"canonical":"https:\/\/solutionsteps.fi\/index.php\/taideterapia-2\/","og_locale":"fi_FI","og_type":"article","og_title":"Taideterapia - Solution Steps","og_description":"&#8221; The more you tell your story, the more you can let go of it. As you keep changing the story, the story keeps changing you. &#8221;\u00a0 Paolo Knill Ekspressiivinen Taideterapia menetelm\u00e4n\u00e4 on toiminnallista, kokemuksellista, monitaiteellista ja sensorista, eli aisteja her\u00e4tt\u00e4v\u00e4\u00e4. Taideterapia voimaannuttaa, antaa iloa, vapauttaa, rentouttaa, sek\u00e4 auttaa l\u00f6yt\u00e4m\u00e4\u00e4n uusia n\u00e4k\u00f6kulmia ja ratkaisuja olemiseen &hellip; Jatka artikkeliin Taideterapia","og_url":"https:\/\/solutionsteps.fi\/index.php\/taideterapia-2\/","og_site_name":"Solution Steps","article_modified_time":"2022-02-27T17:38:37+00:00","og_image":[{"url":"https:\/\/solutionsteps.fi\/wp-content\/uploads\/2021\/11\/kuva0828-225x300.jpg","type":"","width":"","height":""}],"twitter_card":"summary_large_image","twitter_misc":{"Arvioitu lukuaika":"2 minuuttia"},"schema":{"@context":"https:\/\/schema.org","@graph":[{"@type":"WebPage","@id":"https:\/\/solutionsteps.fi\/index.php\/taideterapia-2\/","url":"https:\/\/solutionsteps.fi\/index.php\/taideterapia-2\/","name":"Taideterapia - Solution Steps","isPartOf":{"@id":"https:\/\/solutionsteps.fi\/#website"},"primaryImageOfPage":{"@id":"https:\/\/solutionsteps.fi\/index.php\/taideterapia-2\/#primaryimage"},"image":{"@id":"https:\/\/solutionsteps.fi\/index.php\/taideterapia-2\/#primaryimage"},"thumbnailUrl":"https:\/\/solutionsteps.fi\/wp-content\/uploads\/2021\/11\/kuva0828-225x300.jpg","datePublished":"2021-07-05T18:01:13+00:00","dateModified":"2022-02-27T17:38:37+00:00","breadcrumb":{"@id":"https:\/\/solutionsteps.fi\/index.php\/taideterapia-2\/#breadcrumb"},"inLanguage":"fi","potentialAction":[{"@type":"ReadAction","target":["https:\/\/solutionsteps.fi\/index.php\/taideterapia-2\/"]}]},{"@type":"ImageObject","inLanguage":"fi","@id":"https:\/\/solutionsteps.fi\/index.php\/taideterapia-2\/#primaryimage","url":"https:\/\/solutionsteps.fi\/wp-content\/uploads\/2021\/11\/kuva0828.jpg","contentUrl":"https:\/\/solutionsteps.fi\/wp-content\/uploads\/2021\/11\/kuva0828.jpg","width":480,"height":640},{"@type":"BreadcrumbList","@id":"https:\/\/solutionsteps.fi\/index.php\/taideterapia-2\/#breadcrumb","itemListElement":[{"@type":"ListItem","position":1,"name":"Etusivu","item":"https:\/\/solutionsteps.fi\/"},{"@type":"ListItem","position":2,"name":"Taideterapia"}]},{"@type":"WebSite","@id":"https:\/\/solutionsteps.fi\/#website","url":"https:\/\/solutionsteps.fi\/","name":"Solution Steps","description":"Terapia ja hyvinvointipalvelut","potentialAction":[{"@type":"SearchAction","target":{"@type":"EntryPoint","urlTemplate":"https:\/\/solutionsteps.fi\/?s={search_term_string}"},"query-input":{"@type":"PropertyValueSpecification","valueRequired":true,"valueName":"search_term_string"}}],"inLanguage":"fi"}]}},"_links":{"self":[{"href":"https:\/\/solutionsteps.fi\/index.php\/wp-json\/wp\/v2\/pages\/231","targetHints":{"allow":["GET"]}}],"collection":[{"href":"https:\/\/solutionsteps.fi\/index.php\/wp-json\/wp\/v2\/pages"}],"about":[{"href":"https:\/\/solutionsteps.fi\/index.php\/wp-json\/wp\/v2\/types\/page"}],"author":[{"embeddable":true,"href":"https:\/\/solutionsteps.fi\/index.php\/wp-json\/wp\/v2\/users\/1"}],"replies":[{"embeddable":true,"href":"https:\/\/solutionsteps.fi\/index.php\/wp-json\/wp\/v2\/comments?post=231"}],"version-history":[{"count":2,"href":"https:\/\/solutionsteps.fi\/index.php\/wp-json\/wp\/v2\/pages\/231\/revisions"}],"predecessor-version":[{"id":853,"href":"https:\/\/solutionsteps.fi\/index.php\/wp-json\/wp\/v2\/pages\/231\/revisions\/853"}],"wp:attachment":[{"href":"https:\/\/solutionsteps.fi\/index.php\/wp-json\/wp\/v2\/media?parent=231"}],"curies":[{"name":"wp","href":"https:\/\/api.w.org\/{rel}","templated":true}]}}