{"id":228,"date":"2021-07-05T21:00:30","date_gmt":"2021-07-05T18:00:30","guid":{"rendered":"https:\/\/solutionsteps.wordpress.com\/?page_id=228"},"modified":"2021-07-05T21:00:30","modified_gmt":"2021-07-05T18:00:30","slug":"yksilo-ja-pariterapia","status":"publish","type":"page","link":"https:\/\/solutionsteps.fi\/index.php\/yksilo-ja-pariterapia\/","title":{"rendered":"Ratkaisukeskeinen terapia"},"content":{"rendered":"\n<p class=\"has-normal-font-size\">PIENIN ASKELIN SUURIIN MUUTOKSIIN<\/p>\n\n\n\n<p class=\"has-light-gray-background-color has-background has-small-font-size\">Ratkaisukeskeisess\u00e4 terapiassa luodaan mielikuva siit\u00e4 miten asiat ovat, kun kaikki on hyvin. Ajatuksena on, ett\u00e4 ihmisell\u00e4 on olemassa resurssit ja voimavarat auttaa itse\u00e4\u00e4n. Asiakkaan omilla arvoilla, toiveilla, ideoilla ja tavoitteilla on suuri merkitys terapiassa.<\/p>\n\n\n\n<div class=\"wp-block-image is-style-default\"><figure class=\"aligncenter size-large is-resized\"><img loading=\"lazy\" decoding=\"async\" src=\"https:\/\/solutionsteps.files.wordpress.com\/2021\/04\/img_6143-1.jpg?w=1024\" alt=\"\" class=\"wp-image-77\" width=\"311\" height=\"207\" srcset=\"https:\/\/solutionsteps.fi\/wp-content\/uploads\/2021\/04\/img_6143-1.jpg 1242w, https:\/\/solutionsteps.fi\/wp-content\/uploads\/2021\/04\/img_6143-1-300x200.jpg 300w, https:\/\/solutionsteps.fi\/wp-content\/uploads\/2021\/04\/img_6143-1-1024x683.jpg 1024w, https:\/\/solutionsteps.fi\/wp-content\/uploads\/2021\/04\/img_6143-1-768x512.jpg 768w\" sizes=\"auto, (max-width: 311px) 100vw, 311px\" \/><\/figure><\/div>\n\n\n\n<p class=\"has-light-gray-background-color has-background has-small-font-size\">Ratkaisukeskeinen terapia on tulevaisuus-ja tavoitesuuntautunutta. Ongelmat tiedostetaan, mutta niihin ei juututa. Ongelmien sijasta keskityt\u00e4\u00e4n ratkaisuihin ja tavoitteisiin.<\/p>\n\n\n\n<p class=\"has-light-gray-background-color has-background has-small-font-size\">Ratkaisukeskeinen terapia tai konsultaatio soveltuu monenlaisiin tilanteisiin, erilaisille asiakasryhmille ja sit\u00e4 voidaan toteuttaa erimuotoisesti. Ajallisesti ratkaisukeskeinen tapaaminen voi olla lyhytt\u00e4, kest\u00e4\u00e4 1-5-10 kertaa tai olla pitempikestoista.<\/p>\n\n\n\n<p class=\"has-light-gray-background-color has-background has-small-font-size\">Ratkaisukeskeiset menetelm\u00e4t ovat my\u00f6s hyviksi ja toimiviksi todetut erilaisissa kasvatuksellisissa ja k\u00e4ytt\u00e4ytymisen ongelmiin liittyviss\u00e4 pulmatilanteissa. Ratkaisukeskeisyytt\u00e4 k\u00e4ytet\u00e4\u00e4n menestyksellisesti my\u00f6s erityisopetuksessa ja vanhempien voimavaraistamisessa ja konsultoinnissa.<\/p>\n\n\n\n<p class=\"has-light-gray-background-color has-background has-small-font-size\">Ratkaisukeskeiset terapiakeskustelut sopivat kaikille ik\u00e4ryhmille: lapset, nuoret, aikuiset. Tarvitsetko uusia n\u00e4k\u00f6kulmia parisuhteeseen tai apua vanhemmuuteen. El\u00e4m\u00e4ntilanteen uudelleenm\u00e4\u00e4rittelyyn tai unelmien todeksitekemiseen.<\/p>\n\n\n\n<p class=\"has-light-gray-background-color has-background has-small-font-size\"><strong>Ratkaisukeskeiseen terapiaan ja keskusteluapuun voit hakeutua<\/strong>:<br>Ahdistuksessa<br>Eroprosessissa<br>Kriisitilanteissa<br>Masennuksessa<br>Paniikkih\u00e4iri\u00f6ss\u00e4<br>Perheen kriisitilanteissa<br>Riippuvaisuuksissa<br>Sosiaalisten taitojen kehitt\u00e4misess\u00e4<br>Surun kohdatessa<br>Traumaattisissa tilanteissa<br>T\u00f6iss\u00e4 jaksamisessa ja ty\u00f6tt\u00f6myyden ongelmissa<br>Voimavarojen uudellenm\u00e4\u00e4rittelyss\u00e4<\/p>\n\n\n\n<p><\/p>\n","protected":false},"excerpt":{"rendered":"<p>PIENIN ASKELIN SUURIIN MUUTOKSIIN Ratkaisukeskeisess\u00e4 terapiassa luodaan mielikuva siit\u00e4 miten asiat ovat, kun kaikki on hyvin. Ajatuksena on, ett\u00e4 ihmisell\u00e4 on olemassa resurssit ja voimavarat auttaa itse\u00e4\u00e4n. Asiakkaan omilla arvoilla, toiveilla, ideoilla ja tavoitteilla on suuri merkitys terapiassa. Ratkaisukeskeinen terapia on tulevaisuus-ja tavoitesuuntautunutta. Ongelmat tiedostetaan, mutta niihin ei juututa. Ongelmien sijasta keskityt\u00e4\u00e4n ratkaisuihin ja tavoitteisiin. &hellip; <a href=\"https:\/\/solutionsteps.fi\/index.php\/yksilo-ja-pariterapia\/\" class=\"more-link\">Jatka artikkeliin <span class=\"screen-reader-text\">Ratkaisukeskeinen terapia<\/span><\/a><\/p>\n","protected":false},"author":1,"featured_media":0,"parent":0,"menu_order":0,"comment_status":"closed","ping_status":"closed","template":"","meta":{"footnotes":""},"class_list":["post-228","page","type-page","status-publish","hentry"],"yoast_head":"<!-- This site is optimized with the Yoast SEO plugin v27.4 - https:\/\/yoast.com\/product\/yoast-seo-wordpress\/ -->\n<title>Ratkaisukeskeinen terapia - Solution Steps<\/title>\n<meta name=\"robots\" content=\"index, follow, max-snippet:-1, max-image-preview:large, max-video-preview:-1\" \/>\n<link rel=\"canonical\" href=\"https:\/\/solutionsteps.fi\/index.php\/yksilo-ja-pariterapia\/\" \/>\n<meta property=\"og:locale\" content=\"fi_FI\" \/>\n<meta property=\"og:type\" content=\"article\" \/>\n<meta property=\"og:title\" content=\"Ratkaisukeskeinen terapia - Solution Steps\" \/>\n<meta property=\"og:description\" content=\"PIENIN ASKELIN SUURIIN MUUTOKSIIN Ratkaisukeskeisess\u00e4 terapiassa luodaan mielikuva siit\u00e4 miten asiat ovat, kun kaikki on hyvin. Ajatuksena on, ett\u00e4 ihmisell\u00e4 on olemassa resurssit ja voimavarat auttaa itse\u00e4\u00e4n. Asiakkaan omilla arvoilla, toiveilla, ideoilla ja tavoitteilla on suuri merkitys terapiassa. Ratkaisukeskeinen terapia on tulevaisuus-ja tavoitesuuntautunutta. Ongelmat tiedostetaan, mutta niihin ei juututa. Ongelmien sijasta keskityt\u00e4\u00e4n ratkaisuihin ja tavoitteisiin. &hellip; Jatka artikkeliin Ratkaisukeskeinen terapia\" \/>\n<meta property=\"og:url\" content=\"https:\/\/solutionsteps.fi\/index.php\/yksilo-ja-pariterapia\/\" \/>\n<meta property=\"og:site_name\" content=\"Solution Steps\" \/>\n<meta property=\"og:image\" content=\"https:\/\/solutionsteps.files.wordpress.com\/2021\/04\/img_6143-1.jpg?w=1024\" \/>\n<meta name=\"twitter:card\" content=\"summary_large_image\" \/>\n<meta name=\"twitter:label1\" content=\"Arvioitu lukuaika\" \/>\n\t<meta name=\"twitter:data1\" content=\"1 minuutti\" \/>\n<script type=\"application\/ld+json\" class=\"yoast-schema-graph\">{\"@context\":\"https:\\\/\\\/schema.org\",\"@graph\":[{\"@type\":\"WebPage\",\"@id\":\"https:\\\/\\\/solutionsteps.fi\\\/index.php\\\/yksilo-ja-pariterapia\\\/\",\"url\":\"https:\\\/\\\/solutionsteps.fi\\\/index.php\\\/yksilo-ja-pariterapia\\\/\",\"name\":\"Ratkaisukeskeinen terapia - Solution Steps\",\"isPartOf\":{\"@id\":\"https:\\\/\\\/solutionsteps.fi\\\/#website\"},\"primaryImageOfPage\":{\"@id\":\"https:\\\/\\\/solutionsteps.fi\\\/index.php\\\/yksilo-ja-pariterapia\\\/#primaryimage\"},\"image\":{\"@id\":\"https:\\\/\\\/solutionsteps.fi\\\/index.php\\\/yksilo-ja-pariterapia\\\/#primaryimage\"},\"thumbnailUrl\":\"https:\\\/\\\/solutionsteps.files.wordpress.com\\\/2021\\\/04\\\/img_6143-1.jpg?w=1024\",\"datePublished\":\"2021-07-05T18:00:30+00:00\",\"breadcrumb\":{\"@id\":\"https:\\\/\\\/solutionsteps.fi\\\/index.php\\\/yksilo-ja-pariterapia\\\/#breadcrumb\"},\"inLanguage\":\"fi\",\"potentialAction\":[{\"@type\":\"ReadAction\",\"target\":[\"https:\\\/\\\/solutionsteps.fi\\\/index.php\\\/yksilo-ja-pariterapia\\\/\"]}]},{\"@type\":\"ImageObject\",\"inLanguage\":\"fi\",\"@id\":\"https:\\\/\\\/solutionsteps.fi\\\/index.php\\\/yksilo-ja-pariterapia\\\/#primaryimage\",\"url\":\"https:\\\/\\\/solutionsteps.files.wordpress.com\\\/2021\\\/04\\\/img_6143-1.jpg?w=1024\",\"contentUrl\":\"https:\\\/\\\/solutionsteps.files.wordpress.com\\\/2021\\\/04\\\/img_6143-1.jpg?w=1024\"},{\"@type\":\"BreadcrumbList\",\"@id\":\"https:\\\/\\\/solutionsteps.fi\\\/index.php\\\/yksilo-ja-pariterapia\\\/#breadcrumb\",\"itemListElement\":[{\"@type\":\"ListItem\",\"position\":1,\"name\":\"Etusivu\",\"item\":\"https:\\\/\\\/solutionsteps.fi\\\/\"},{\"@type\":\"ListItem\",\"position\":2,\"name\":\"Ratkaisukeskeinen terapia\"}]},{\"@type\":\"WebSite\",\"@id\":\"https:\\\/\\\/solutionsteps.fi\\\/#website\",\"url\":\"https:\\\/\\\/solutionsteps.fi\\\/\",\"name\":\"Solution Steps\",\"description\":\"Terapia ja hyvinvointipalvelut\",\"potentialAction\":[{\"@type\":\"SearchAction\",\"target\":{\"@type\":\"EntryPoint\",\"urlTemplate\":\"https:\\\/\\\/solutionsteps.fi\\\/?s={search_term_string}\"},\"query-input\":{\"@type\":\"PropertyValueSpecification\",\"valueRequired\":true,\"valueName\":\"search_term_string\"}}],\"inLanguage\":\"fi\"}]}<\/script>\n<!-- \/ Yoast SEO plugin. -->","yoast_head_json":{"title":"Ratkaisukeskeinen terapia - Solution Steps","robots":{"index":"index","follow":"follow","max-snippet":"max-snippet:-1","max-image-preview":"max-image-preview:large","max-video-preview":"max-video-preview:-1"},"canonical":"https:\/\/solutionsteps.fi\/index.php\/yksilo-ja-pariterapia\/","og_locale":"fi_FI","og_type":"article","og_title":"Ratkaisukeskeinen terapia - Solution Steps","og_description":"PIENIN ASKELIN SUURIIN MUUTOKSIIN Ratkaisukeskeisess\u00e4 terapiassa luodaan mielikuva siit\u00e4 miten asiat ovat, kun kaikki on hyvin. Ajatuksena on, ett\u00e4 ihmisell\u00e4 on olemassa resurssit ja voimavarat auttaa itse\u00e4\u00e4n. Asiakkaan omilla arvoilla, toiveilla, ideoilla ja tavoitteilla on suuri merkitys terapiassa. Ratkaisukeskeinen terapia on tulevaisuus-ja tavoitesuuntautunutta. Ongelmat tiedostetaan, mutta niihin ei juututa. Ongelmien sijasta keskityt\u00e4\u00e4n ratkaisuihin ja tavoitteisiin. &hellip; Jatka artikkeliin Ratkaisukeskeinen terapia","og_url":"https:\/\/solutionsteps.fi\/index.php\/yksilo-ja-pariterapia\/","og_site_name":"Solution Steps","og_image":[{"url":"https:\/\/solutionsteps.files.wordpress.com\/2021\/04\/img_6143-1.jpg?w=1024","type":"","width":"","height":""}],"twitter_card":"summary_large_image","twitter_misc":{"Arvioitu lukuaika":"1 minuutti"},"schema":{"@context":"https:\/\/schema.org","@graph":[{"@type":"WebPage","@id":"https:\/\/solutionsteps.fi\/index.php\/yksilo-ja-pariterapia\/","url":"https:\/\/solutionsteps.fi\/index.php\/yksilo-ja-pariterapia\/","name":"Ratkaisukeskeinen terapia - Solution Steps","isPartOf":{"@id":"https:\/\/solutionsteps.fi\/#website"},"primaryImageOfPage":{"@id":"https:\/\/solutionsteps.fi\/index.php\/yksilo-ja-pariterapia\/#primaryimage"},"image":{"@id":"https:\/\/solutionsteps.fi\/index.php\/yksilo-ja-pariterapia\/#primaryimage"},"thumbnailUrl":"https:\/\/solutionsteps.files.wordpress.com\/2021\/04\/img_6143-1.jpg?w=1024","datePublished":"2021-07-05T18:00:30+00:00","breadcrumb":{"@id":"https:\/\/solutionsteps.fi\/index.php\/yksilo-ja-pariterapia\/#breadcrumb"},"inLanguage":"fi","potentialAction":[{"@type":"ReadAction","target":["https:\/\/solutionsteps.fi\/index.php\/yksilo-ja-pariterapia\/"]}]},{"@type":"ImageObject","inLanguage":"fi","@id":"https:\/\/solutionsteps.fi\/index.php\/yksilo-ja-pariterapia\/#primaryimage","url":"https:\/\/solutionsteps.files.wordpress.com\/2021\/04\/img_6143-1.jpg?w=1024","contentUrl":"https:\/\/solutionsteps.files.wordpress.com\/2021\/04\/img_6143-1.jpg?w=1024"},{"@type":"BreadcrumbList","@id":"https:\/\/solutionsteps.fi\/index.php\/yksilo-ja-pariterapia\/#breadcrumb","itemListElement":[{"@type":"ListItem","position":1,"name":"Etusivu","item":"https:\/\/solutionsteps.fi\/"},{"@type":"ListItem","position":2,"name":"Ratkaisukeskeinen terapia"}]},{"@type":"WebSite","@id":"https:\/\/solutionsteps.fi\/#website","url":"https:\/\/solutionsteps.fi\/","name":"Solution Steps","description":"Terapia ja hyvinvointipalvelut","potentialAction":[{"@type":"SearchAction","target":{"@type":"EntryPoint","urlTemplate":"https:\/\/solutionsteps.fi\/?s={search_term_string}"},"query-input":{"@type":"PropertyValueSpecification","valueRequired":true,"valueName":"search_term_string"}}],"inLanguage":"fi"}]}},"_links":{"self":[{"href":"https:\/\/solutionsteps.fi\/index.php\/wp-json\/wp\/v2\/pages\/228","targetHints":{"allow":["GET"]}}],"collection":[{"href":"https:\/\/solutionsteps.fi\/index.php\/wp-json\/wp\/v2\/pages"}],"about":[{"href":"https:\/\/solutionsteps.fi\/index.php\/wp-json\/wp\/v2\/types\/page"}],"author":[{"embeddable":true,"href":"https:\/\/solutionsteps.fi\/index.php\/wp-json\/wp\/v2\/users\/1"}],"replies":[{"embeddable":true,"href":"https:\/\/solutionsteps.fi\/index.php\/wp-json\/wp\/v2\/comments?post=228"}],"version-history":[{"count":0,"href":"https:\/\/solutionsteps.fi\/index.php\/wp-json\/wp\/v2\/pages\/228\/revisions"}],"wp:attachment":[{"href":"https:\/\/solutionsteps.fi\/index.php\/wp-json\/wp\/v2\/media?parent=228"}],"curies":[{"name":"wp","href":"https:\/\/api.w.org\/{rel}","templated":true}]}}