{"id":10,"date":"2021-04-27T18:38:52","date_gmt":"2021-04-27T15:38:52","guid":{"rendered":"https:\/\/solutionsteps.wordpress.com\/?page_id=9"},"modified":"2022-03-26T19:42:31","modified_gmt":"2022-03-26T19:42:31","slug":"about","status":"publish","type":"page","link":"https:\/\/solutionsteps.fi\/index.php\/about\/","title":{"rendered":"Terapiat"},"content":{"rendered":"\n<div style=\"height:20px\" aria-hidden=\"true\" class=\"wp-block-spacer\"><\/div>\n\n\n\n<div class=\"wp-block-group alignfull\"><div class=\"wp-block-group__inner-container is-layout-flow wp-block-group-is-layout-flow\">\n<div class=\"wp-block-jetpack-layout-grid alignfull column1-desktop-grid__span-6 column1-desktop-grid__row-1 column2-desktop-grid__span-6 column2-desktop-grid__start-7 column2-desktop-grid__row-1 column1-tablet-grid__span-4 column1-tablet-grid__row-1 column2-tablet-grid__span-4 column2-tablet-grid__start-5 column2-tablet-grid__row-1 column1-mobile-grid__span-4 column1-mobile-grid__row-1 column2-mobile-grid__span-4 column2-mobile-grid__row-2\">\n\n<div class=\"wp-block-jetpack-layout-grid-column wp-block-jetpack-layout-grid__padding-none\">\n\n<p><\/p>\n\n\n<figure class=\"wp-block-image size-large is-resized is-style-default\"><img loading=\"lazy\" decoding=\"async\" src=\"https:\/\/solutionsteps.files.wordpress.com\/2021\/10\/img_6142.jpg?w=819\" alt=\"\" class=\"wp-image-553\" width=\"170\" height=\"212\" srcset=\"https:\/\/solutionsteps.fi\/wp-content\/uploads\/2021\/10\/img_6142.jpg 1242w, https:\/\/solutionsteps.fi\/wp-content\/uploads\/2021\/10\/img_6142-240x300.jpg 240w, https:\/\/solutionsteps.fi\/wp-content\/uploads\/2021\/10\/img_6142-819x1024.jpg 819w, https:\/\/solutionsteps.fi\/wp-content\/uploads\/2021\/10\/img_6142-768x960.jpg 768w, https:\/\/solutionsteps.fi\/wp-content\/uploads\/2021\/10\/img_6142-1228x1536.jpg 1228w\" sizes=\"auto, (max-width: 170px) 100vw, 170px\" \/><\/figure>\n\n<\/div>\n\n\n<div class=\"wp-block-jetpack-layout-grid-column wp-block-jetpack-layout-grid__padding-medium is-vertically-aligned-top\"><\/div>\n\n<\/div>\n<\/div><\/div>\n\n\n\n<p class=\"has-small-font-size\">The Solution lies within the problem<\/p>\n\n\n\n<p class=\"has-dark-gray-color has-light-gray-background-color has-text-color has-background has-small-font-size\">Terapia on kehitetty ihmisi\u00e4 varten ja kuuluu kaikille. Terapiaan voit tulla yksin tai parin kanssa. Terapiassa keskityt\u00e4\u00e4n ongelmien kartoituksen j\u00e4lkeen vahvuuksien ja voimavarojen l\u00f6yt\u00e4miseen.<\/p>\n\n\n\n<p class=\"has-dark-gray-color has-light-gray-background-color has-text-color has-background has-small-font-size\">Tarjoan terapiaa yksil\u00f6- ja pariterapiana. Voit tulla pidemp\u00e4\u00e4n terapiaan tai muutaman<br>kerran (5-10 krt) lyhytterapiaan. Joskus yhden kerran terapiakin riitt\u00e4\u00e4 selkeytt\u00e4m\u00e4\u00e4n ajatuksia ja ongelmakohtia.<\/p>\n\n\n\n<p class=\"has-dark-gray-color has-light-gray-background-color has-text-color has-background has-small-font-size\">Terapioihin voi yhdist\u00e4\u00e4 kognitiivista hypnoterapiaa, rentoutusta, psykofyysist\u00e4 terapiaa ja luovaa taideterapiaa tarpeidesi mukaan.<\/p>\n\n\n\n<p class=\"has-light-gray-background-color has-background has-small-font-size\">Yksil\u00f6terapia 102 e\/45 min<br>Yksil\u00f6terapia 132 e\/60 min<br>Pari- ja perheterapia  181 e\/90 min<\/p>\n\n\n\n<p><\/p>\n","protected":false},"excerpt":{"rendered":"<p>The Solution lies within the problem Terapia on kehitetty ihmisi\u00e4 varten ja kuuluu kaikille. Terapiaan voit tulla yksin tai parin kanssa. Terapiassa keskityt\u00e4\u00e4n ongelmien kartoituksen j\u00e4lkeen vahvuuksien ja voimavarojen l\u00f6yt\u00e4miseen. Tarjoan terapiaa yksil\u00f6- ja pariterapiana. Voit tulla pidemp\u00e4\u00e4n terapiaan tai muutamankerran (5-10 krt) lyhytterapiaan. Joskus yhden kerran terapiakin riitt\u00e4\u00e4 selkeytt\u00e4m\u00e4\u00e4n ajatuksia ja ongelmakohtia. Terapioihin voi &hellip; <a href=\"https:\/\/solutionsteps.fi\/index.php\/about\/\" class=\"more-link\">Jatka artikkeliin <span class=\"screen-reader-text\">Terapiat<\/span><\/a><\/p>\n","protected":false},"author":1,"featured_media":0,"parent":0,"menu_order":0,"comment_status":"closed","ping_status":"closed","template":"","meta":{"footnotes":""},"class_list":["post-10","page","type-page","status-publish","hentry"],"yoast_head":"<!-- This site is optimized with the Yoast SEO plugin v27.4 - https:\/\/yoast.com\/product\/yoast-seo-wordpress\/ -->\n<title>Terapiat - Solution Steps<\/title>\n<meta name=\"robots\" content=\"index, follow, max-snippet:-1, max-image-preview:large, max-video-preview:-1\" \/>\n<link rel=\"canonical\" href=\"https:\/\/solutionsteps.fi\/index.php\/about\/\" \/>\n<meta property=\"og:locale\" content=\"fi_FI\" \/>\n<meta property=\"og:type\" content=\"article\" \/>\n<meta property=\"og:title\" content=\"Terapiat - Solution Steps\" \/>\n<meta property=\"og:description\" content=\"The Solution lies within the problem Terapia on kehitetty ihmisi\u00e4 varten ja kuuluu kaikille. Terapiaan voit tulla yksin tai parin kanssa. Terapiassa keskityt\u00e4\u00e4n ongelmien kartoituksen j\u00e4lkeen vahvuuksien ja voimavarojen l\u00f6yt\u00e4miseen. Tarjoan terapiaa yksil\u00f6- ja pariterapiana. Voit tulla pidemp\u00e4\u00e4n terapiaan tai muutamankerran (5-10 krt) lyhytterapiaan. Joskus yhden kerran terapiakin riitt\u00e4\u00e4 selkeytt\u00e4m\u00e4\u00e4n ajatuksia ja ongelmakohtia. Terapioihin voi &hellip; Jatka artikkeliin Terapiat\" \/>\n<meta property=\"og:url\" content=\"https:\/\/solutionsteps.fi\/index.php\/about\/\" \/>\n<meta property=\"og:site_name\" content=\"Solution Steps\" \/>\n<meta property=\"article:modified_time\" content=\"2022-03-26T19:42:31+00:00\" \/>\n<meta property=\"og:image\" content=\"https:\/\/solutionsteps.files.wordpress.com\/2021\/10\/img_6142.jpg?w=819\" \/>\n<meta name=\"twitter:card\" content=\"summary_large_image\" \/>\n<meta name=\"twitter:label1\" content=\"Arvioitu lukuaika\" \/>\n\t<meta name=\"twitter:data1\" content=\"1 minuutti\" \/>\n<script type=\"application\/ld+json\" class=\"yoast-schema-graph\">{\"@context\":\"https:\\\/\\\/schema.org\",\"@graph\":[{\"@type\":\"WebPage\",\"@id\":\"https:\\\/\\\/solutionsteps.fi\\\/index.php\\\/about\\\/\",\"url\":\"https:\\\/\\\/solutionsteps.fi\\\/index.php\\\/about\\\/\",\"name\":\"Terapiat - Solution Steps\",\"isPartOf\":{\"@id\":\"https:\\\/\\\/solutionsteps.fi\\\/#website\"},\"primaryImageOfPage\":{\"@id\":\"https:\\\/\\\/solutionsteps.fi\\\/index.php\\\/about\\\/#primaryimage\"},\"image\":{\"@id\":\"https:\\\/\\\/solutionsteps.fi\\\/index.php\\\/about\\\/#primaryimage\"},\"thumbnailUrl\":\"https:\\\/\\\/solutionsteps.files.wordpress.com\\\/2021\\\/10\\\/img_6142.jpg?w=819\",\"datePublished\":\"2021-04-27T15:38:52+00:00\",\"dateModified\":\"2022-03-26T19:42:31+00:00\",\"breadcrumb\":{\"@id\":\"https:\\\/\\\/solutionsteps.fi\\\/index.php\\\/about\\\/#breadcrumb\"},\"inLanguage\":\"fi\",\"potentialAction\":[{\"@type\":\"ReadAction\",\"target\":[\"https:\\\/\\\/solutionsteps.fi\\\/index.php\\\/about\\\/\"]}]},{\"@type\":\"ImageObject\",\"inLanguage\":\"fi\",\"@id\":\"https:\\\/\\\/solutionsteps.fi\\\/index.php\\\/about\\\/#primaryimage\",\"url\":\"https:\\\/\\\/solutionsteps.files.wordpress.com\\\/2021\\\/10\\\/img_6142.jpg?w=819\",\"contentUrl\":\"https:\\\/\\\/solutionsteps.files.wordpress.com\\\/2021\\\/10\\\/img_6142.jpg?w=819\"},{\"@type\":\"BreadcrumbList\",\"@id\":\"https:\\\/\\\/solutionsteps.fi\\\/index.php\\\/about\\\/#breadcrumb\",\"itemListElement\":[{\"@type\":\"ListItem\",\"position\":1,\"name\":\"Etusivu\",\"item\":\"https:\\\/\\\/solutionsteps.fi\\\/\"},{\"@type\":\"ListItem\",\"position\":2,\"name\":\"Terapiat\"}]},{\"@type\":\"WebSite\",\"@id\":\"https:\\\/\\\/solutionsteps.fi\\\/#website\",\"url\":\"https:\\\/\\\/solutionsteps.fi\\\/\",\"name\":\"Solution Steps\",\"description\":\"Terapia ja hyvinvointipalvelut\",\"potentialAction\":[{\"@type\":\"SearchAction\",\"target\":{\"@type\":\"EntryPoint\",\"urlTemplate\":\"https:\\\/\\\/solutionsteps.fi\\\/?s={search_term_string}\"},\"query-input\":{\"@type\":\"PropertyValueSpecification\",\"valueRequired\":true,\"valueName\":\"search_term_string\"}}],\"inLanguage\":\"fi\"}]}<\/script>\n<!-- \/ Yoast SEO plugin. -->","yoast_head_json":{"title":"Terapiat - Solution Steps","robots":{"index":"index","follow":"follow","max-snippet":"max-snippet:-1","max-image-preview":"max-image-preview:large","max-video-preview":"max-video-preview:-1"},"canonical":"https:\/\/solutionsteps.fi\/index.php\/about\/","og_locale":"fi_FI","og_type":"article","og_title":"Terapiat - Solution Steps","og_description":"The Solution lies within the problem Terapia on kehitetty ihmisi\u00e4 varten ja kuuluu kaikille. Terapiaan voit tulla yksin tai parin kanssa. Terapiassa keskityt\u00e4\u00e4n ongelmien kartoituksen j\u00e4lkeen vahvuuksien ja voimavarojen l\u00f6yt\u00e4miseen. Tarjoan terapiaa yksil\u00f6- ja pariterapiana. Voit tulla pidemp\u00e4\u00e4n terapiaan tai muutamankerran (5-10 krt) lyhytterapiaan. Joskus yhden kerran terapiakin riitt\u00e4\u00e4 selkeytt\u00e4m\u00e4\u00e4n ajatuksia ja ongelmakohtia. Terapioihin voi &hellip; Jatka artikkeliin Terapiat","og_url":"https:\/\/solutionsteps.fi\/index.php\/about\/","og_site_name":"Solution Steps","article_modified_time":"2022-03-26T19:42:31+00:00","og_image":[{"url":"https:\/\/solutionsteps.files.wordpress.com\/2021\/10\/img_6142.jpg?w=819","type":"","width":"","height":""}],"twitter_card":"summary_large_image","twitter_misc":{"Arvioitu lukuaika":"1 minuutti"},"schema":{"@context":"https:\/\/schema.org","@graph":[{"@type":"WebPage","@id":"https:\/\/solutionsteps.fi\/index.php\/about\/","url":"https:\/\/solutionsteps.fi\/index.php\/about\/","name":"Terapiat - Solution Steps","isPartOf":{"@id":"https:\/\/solutionsteps.fi\/#website"},"primaryImageOfPage":{"@id":"https:\/\/solutionsteps.fi\/index.php\/about\/#primaryimage"},"image":{"@id":"https:\/\/solutionsteps.fi\/index.php\/about\/#primaryimage"},"thumbnailUrl":"https:\/\/solutionsteps.files.wordpress.com\/2021\/10\/img_6142.jpg?w=819","datePublished":"2021-04-27T15:38:52+00:00","dateModified":"2022-03-26T19:42:31+00:00","breadcrumb":{"@id":"https:\/\/solutionsteps.fi\/index.php\/about\/#breadcrumb"},"inLanguage":"fi","potentialAction":[{"@type":"ReadAction","target":["https:\/\/solutionsteps.fi\/index.php\/about\/"]}]},{"@type":"ImageObject","inLanguage":"fi","@id":"https:\/\/solutionsteps.fi\/index.php\/about\/#primaryimage","url":"https:\/\/solutionsteps.files.wordpress.com\/2021\/10\/img_6142.jpg?w=819","contentUrl":"https:\/\/solutionsteps.files.wordpress.com\/2021\/10\/img_6142.jpg?w=819"},{"@type":"BreadcrumbList","@id":"https:\/\/solutionsteps.fi\/index.php\/about\/#breadcrumb","itemListElement":[{"@type":"ListItem","position":1,"name":"Etusivu","item":"https:\/\/solutionsteps.fi\/"},{"@type":"ListItem","position":2,"name":"Terapiat"}]},{"@type":"WebSite","@id":"https:\/\/solutionsteps.fi\/#website","url":"https:\/\/solutionsteps.fi\/","name":"Solution Steps","description":"Terapia ja hyvinvointipalvelut","potentialAction":[{"@type":"SearchAction","target":{"@type":"EntryPoint","urlTemplate":"https:\/\/solutionsteps.fi\/?s={search_term_string}"},"query-input":{"@type":"PropertyValueSpecification","valueRequired":true,"valueName":"search_term_string"}}],"inLanguage":"fi"}]}},"_links":{"self":[{"href":"https:\/\/solutionsteps.fi\/index.php\/wp-json\/wp\/v2\/pages\/10","targetHints":{"allow":["GET"]}}],"collection":[{"href":"https:\/\/solutionsteps.fi\/index.php\/wp-json\/wp\/v2\/pages"}],"about":[{"href":"https:\/\/solutionsteps.fi\/index.php\/wp-json\/wp\/v2\/types\/page"}],"author":[{"embeddable":true,"href":"https:\/\/solutionsteps.fi\/index.php\/wp-json\/wp\/v2\/users\/1"}],"replies":[{"embeddable":true,"href":"https:\/\/solutionsteps.fi\/index.php\/wp-json\/wp\/v2\/comments?post=10"}],"version-history":[{"count":1,"href":"https:\/\/solutionsteps.fi\/index.php\/wp-json\/wp\/v2\/pages\/10\/revisions"}],"predecessor-version":[{"id":869,"href":"https:\/\/solutionsteps.fi\/index.php\/wp-json\/wp\/v2\/pages\/10\/revisions\/869"}],"wp:attachment":[{"href":"https:\/\/solutionsteps.fi\/index.php\/wp-json\/wp\/v2\/media?parent=10"}],"curies":[{"name":"wp","href":"https:\/\/api.w.org\/{rel}","templated":true}]}}